{"id":37,"date":"2024-12-23T09:43:33","date_gmt":"2024-12-23T08:43:33","guid":{"rendered":"https:\/\/www.beyond-csrd.com\/contact\/"},"modified":"2025-06-11T14:28:16","modified_gmt":"2025-06-11T13:28:16","slug":"contact","status":"publish","type":"page","link":"https:\/\/www.beyond-csrd.com\/fr\/contact\/","title":{"rendered":"Contact"},"content":{"rendered":"<div data-elementor-type=\"wp-page\" data-elementor-id=\"37\" class=\"elementor elementor-37\" data-elementor-post-type=\"page\">\n\t\t\t\t<div class=\"elementor-element elementor-element-2fd2787 e-flex e-con-boxed e-con e-parent\" data-id=\"2fd2787\" data-element_type=\"container\" data-settings=\"{&quot;background_background&quot;:&quot;classic&quot;}\">\n\t\t\t\t\t<div class=\"e-con-inner\">\n\t\t\t\t<div class=\"elementor-element elementor-element-2aedb2cf elementor-widget elementor-widget-heading\" data-id=\"2aedb2cf\" data-element_type=\"widget\" data-widget_type=\"heading.default\">\n\t\t\t\t<div class=\"elementor-widget-container\">\n\t\t\t\t\t<h1 class=\"elementor-heading-title elementor-size-default\">Contactez-Nous<\/h1>\t\t\t\t<\/div>\n\t\t\t\t<\/div>\n\t\t\t\t<div class=\"elementor-element elementor-element-42e16f3c elementor-widget elementor-widget-heading\" data-id=\"42e16f3c\" data-element_type=\"widget\" data-widget_type=\"heading.default\">\n\t\t\t\t<div class=\"elementor-widget-container\">\n\t\t\t\t\t<h6 class=\"elementor-heading-title elementor-size-default\"><br>Informations de Contact<\/h6>\t\t\t\t<\/div>\n\t\t\t\t<\/div>\n\t\t\t\t<div class=\"elementor-element elementor-element-136873a elementor-align-center elementor-icon-list--layout-traditional elementor-list-item-link-full_width elementor-widget elementor-widget-icon-list\" data-id=\"136873a\" data-element_type=\"widget\" data-widget_type=\"icon-list.default\">\n\t\t\t\t<div class=\"elementor-widget-container\">\n\t\t\t\t\t\t\t<ul class=\"elementor-icon-list-items\">\n\t\t\t\t\t\t\t<li class=\"elementor-icon-list-item\">\n\t\t\t\t\t\t\t\t\t\t\t<a href=\"mailto:contact@mysite.com\">\n\n\t\t\t\t\t\t\t\t\t\t\t<span class=\"elementor-icon-list-text\">Courriel : info@beyond.ch<\/span>\n\t\t\t\t\t\t\t\t\t\t\t<\/a>\n\t\t\t\t\t\t\t\t\t<\/li>\n\t\t\t\t\t\t\t\t<li class=\"elementor-icon-list-item\">\n\t\t\t\t\t\t\t\t\t\t\t<a href=\"tel:123-456-7890\">\n\n\t\t\t\t\t\t\t\t\t\t\t<span class=\"elementor-icon-list-text\">T\u00e9l : +41 21 217 91 76<br><br><br><br><br><br><br><br><\/span>\n\t\t\t\t\t\t\t\t\t\t\t<\/a>\n\t\t\t\t\t\t\t\t\t<\/li>\n\t\t\t\t\t\t<\/ul>\n\t\t\t\t\t\t<\/div>\n\t\t\t\t<\/div>\n\t\t\t\t\t<\/div>\n\t\t\t\t<\/div>\n\t\t<div class=\"elementor-element elementor-element-855be20 e-flex e-con-boxed e-con e-parent\" data-id=\"855be20\" data-element_type=\"container\">\n\t\t\t\t\t<div class=\"e-con-inner\">\n\t\t<div class=\"elementor-element elementor-element-de36380 e-con-full e-flex e-con e-child\" data-id=\"de36380\" data-element_type=\"container\">\n\t\t\t\t<div class=\"elementor-element elementor-element-e9e0b82 elementor-widget elementor-widget-heading\" data-id=\"e9e0b82\" data-element_type=\"widget\" data-widget_type=\"heading.default\">\n\t\t\t\t<div class=\"elementor-widget-container\">\n\t\t\t\t\t<h1 class=\"elementor-heading-title elementor-size-default\">Prenons Contact<\/h1>\t\t\t\t<\/div>\n\t\t\t\t<\/div>\n\t\t\t\t<div class=\"elementor-element elementor-element-54d276c elementor-widget elementor-widget-heading\" data-id=\"54d276c\" data-element_type=\"widget\" data-widget_type=\"heading.default\">\n\t\t\t\t<div class=\"elementor-widget-container\">\n\t\t\t\t\t<h5 class=\"elementor-heading-title elementor-size-default\">Planifiez un appel de d\u00e9couverte gratuit de 30 minutes pour identifier vos d\u00e9fis CSRD &amp;\n        ESRS et voir comment <strong>Au-del\u00e0<\/strong> peut aider.<\/h5>\t\t\t\t<\/div>\n\t\t\t\t<\/div>\n\t\t\t\t<div class=\"elementor-element elementor-element-442919f elementor-widget elementor-widget-html\" data-id=\"442919f\" data-element_type=\"widget\" data-widget_type=\"html.default\">\n\t\t\t\t<div class=\"elementor-widget-container\">\n\t\t\t\t\t<!-- Cal inline embed code begins -->\n<div style=\"width:100%;height:100%;overflow:scroll\" id=\"my-cal-inline\"><\/div>\n<script type=\"text\/javascript\">\n  (function (C, A, L) { let p = function (a, ar) { a.q.push(ar); }; let d = C.document; C.Cal = C.Cal || function () { let cal = C.Cal; let ar = arguments; if (!cal.loaded) { cal.ns = {}; cal.q = cal.q || []; d.head.appendChild(d.createElement(\"script\")).src = A; cal.loaded = true; } if (ar[0] === L) { const api = function () { p(api, arguments); }; const namespace = ar[1]; api.q = api.q || []; if(typeof namespace === \"string\"){cal.ns[namespace] = cal.ns[namespace] || api;p(cal.ns[namespace], ar);p(cal, [\"initNamespace\", namespace]);} else p(cal, ar); return;} p(cal, ar); }; })(window, \"https:\/\/app.cal.com\/embed\/embed.js\", \"init\");\nCal(\"init\", \"discovery-call\", {origin:\"https:\/\/cal.com\"});\n\n  Cal.ns[\"discovery-call\"](\"inline\", {\n    elementOrSelector:\"#my-cal-inline\",\n    config: {\"layout\":\"month_view\",\"theme\":\"light\"},\n    calLink: \"beyond-ch\/discovery-call\",\n  });\n\n  Cal.ns[\"discovery-call\"](\"ui\", {\"theme\":\"light\",\"cssVarsPerTheme\":{\"light\":{\"cal-brand\":\"#f49942\"},\"dark\":{\"cal-brand\":\"#f49942\"}},\"hideEventTypeDetails\":false,\"layout\":\"month_view\"});\n  <\/script>\n  <!-- Cal inline embed code ends -->\t\t\t\t<\/div>\n\t\t\t\t<\/div>\n\t\t\t\t<\/div>\n\t\t<div class=\"elementor-element elementor-element-37f4cd32 e-con-full e-flex e-con e-child\" data-id=\"37f4cd32\" data-element_type=\"container\">\n\t\t\t\t<div class=\"elementor-element elementor-element-d30d334 elementor-widget elementor-widget-heading\" data-id=\"d30d334\" data-element_type=\"widget\" data-widget_type=\"heading.default\">\n\t\t\t\t<div class=\"elementor-widget-container\">\n\t\t\t\t\t<h1 class=\"elementor-heading-title elementor-size-default\">Vous pr\u00e9f\u00e9rez le courrier \u00e9lectronique ?<\/h1>\t\t\t\t<\/div>\n\t\t\t\t<\/div>\n\t\t\t\t<div class=\"elementor-element elementor-element-4c7b23ab elementor-widget elementor-widget-text-editor\" data-id=\"4c7b23ab\" data-element_type=\"widget\" data-widget_type=\"text-editor.default\">\n\t\t\t\t<div class=\"elementor-widget-container\">\n\t\t\t\t\t\t\t\t\t<p>Envoyez-nous un message et nous vous r\u00e9pondrons dans les plus brefs d\u00e9lais.<\/p>\t\t\t\t\t\t\t\t<\/div>\n\t\t\t\t<\/div>\n\t\t\t\t<div class=\"elementor-element elementor-element-6333ddba elementor-button-align-center elementor-widget elementor-widget-form\" data-id=\"6333ddba\" data-element_type=\"widget\" data-settings=\"{&quot;step_next_label&quot;:&quot;Next&quot;,&quot;step_previous_label&quot;:&quot;Previous&quot;,&quot;step_type&quot;:&quot;number_text&quot;,&quot;step_icon_shape&quot;:&quot;circle&quot;}\" data-widget_type=\"form.default\">\n\t\t\t\t<div class=\"elementor-widget-container\">\n\t\t\t\t\t\t\t<form class=\"elementor-form\" method=\"post\" name=\"Contact Form\" aria-label=\"Formulaire de contact\" action=\"\">\n\t\t\t<input type=\"hidden\" name=\"post_id\" value=\"37\"\/>\n\t\t\t<input type=\"hidden\" name=\"form_id\" value=\"6333ddba\"\/>\n\t\t\t<input type=\"hidden\" name=\"referer_title\" value=\"Beyond-CSRD\" \/>\n\n\t\t\t\n\t\t\t<div class=\"elementor-form-fields-wrapper elementor-labels-\">\n\t\t\t\t\t\t\t\t<div class=\"elementor-field-type-text elementor-field-group elementor-column elementor-field-group-name elementor-col-50 elementor-field-required\">\n\t\t\t\t\t\t\t\t\t\t\t\t<label for=\"form-field-name\" class=\"elementor-field-label elementor-screen-only\">\n\t\t\t\t\t\t\t\tVotre Nom\t\t\t\t\t\t\t<\/label>\n\t\t\t\t\t\t\t\t\t\t\t\t\t\t<input size=\"1\" type=\"text\" name=\"form_fields[name]\" id=\"form-field-name\" class=\"elementor-field elementor-size-sm  elementor-field-textual\" placeholder=\"Votre nom*\" required=\"required\">\n\t\t\t\t\t\t\t\t\t\t\t<\/div>\n\t\t\t\t\t\t\t\t<div class=\"elementor-field-type-text elementor-field-group elementor-column elementor-field-group-field_b743cd7 elementor-col-50 elementor-field-required\">\n\t\t\t\t\t\t\t\t\t\t\t\t<label for=\"form-field-field_b743cd7\" class=\"elementor-field-label elementor-screen-only\">\n\t\t\t\t\t\t\t\tNom de famille\t\t\t\t\t\t\t<\/label>\n\t\t\t\t\t\t\t\t\t\t\t\t\t\t<input size=\"1\" type=\"text\" name=\"form_fields[field_b743cd7]\" id=\"form-field-field_b743cd7\" class=\"elementor-field elementor-size-sm  elementor-field-textual\" placeholder=\"Nom de famille*\" required=\"required\">\n\t\t\t\t\t\t\t\t\t\t\t<\/div>\n\t\t\t\t\t\t\t\t<div class=\"elementor-field-type-tel elementor-field-group elementor-column elementor-field-group-field_6c180a9 elementor-col-50\">\n\t\t\t\t\t\t\t\t\t\t\t\t<label for=\"form-field-field_6c180a9\" class=\"elementor-field-label elementor-screen-only\">\n\t\t\t\t\t\t\t\tNum\u00e9ro de T\u00e9l\u00e9phone\t\t\t\t\t\t\t<\/label>\n\t\t\t\t\t\t\t\t<input size=\"1\" type=\"tel\" name=\"form_fields[field_6c180a9]\" id=\"form-field-field_6c180a9\" class=\"elementor-field elementor-size-sm  elementor-field-textual\" placeholder=\"Num\u00e9ro de T\u00e9l\u00e9phone\" pattern=\"[0-9()#&amp;+*-=.]+\" title=\"Seuls les chiffres et les caract\u00e8res t\u00e9l\u00e9phoniques (#, -, *, etc.) sont accept\u00e9s.\">\n\n\t\t\t\t\t\t<\/div>\n\t\t\t\t\t\t\t\t<div class=\"elementor-field-type-email elementor-field-group elementor-column elementor-field-group-email elementor-col-50 elementor-field-required\">\n\t\t\t\t\t\t\t\t\t\t\t\t<label for=\"form-field-email\" class=\"elementor-field-label elementor-screen-only\">\n\t\t\t\t\t\t\t\tVotre Email\t\t\t\t\t\t\t<\/label>\n\t\t\t\t\t\t\t\t\t\t\t\t\t\t<input size=\"1\" type=\"email\" name=\"form_fields[email]\" id=\"form-field-email\" class=\"elementor-field elementor-size-sm  elementor-field-textual\" placeholder=\"Votre courriel*\" required=\"required\">\n\t\t\t\t\t\t\t\t\t\t\t<\/div>\n\t\t\t\t\t\t\t\t<div class=\"elementor-field-type-textarea elementor-field-group elementor-column elementor-field-group-message elementor-col-100 elementor-field-required\">\n\t\t\t\t\t\t\t\t\t\t\t\t<label for=\"form-field-message\" class=\"elementor-field-label elementor-screen-only\">\n\t\t\t\t\t\t\t\tMessage\t\t\t\t\t\t\t<\/label>\n\t\t\t\t\t\t<textarea class=\"elementor-field-textual elementor-field  elementor-size-sm\" name=\"form_fields[message]\" id=\"form-field-message\" rows=\"4\" placeholder=\"Faites-nous part de vos besoins... *\" required=\"required\"><\/textarea>\t\t\t\t<\/div>\n\t\t\t\t\t\t\t\t<div class=\"elementor-field-group elementor-column elementor-field-type-submit elementor-col-100 e-form__buttons\">\n\t\t\t\t\t<button class=\"elementor-button elementor-size-md\" type=\"submit\">\n\t\t\t\t\t\t<span class=\"elementor-button-content-wrapper\">\n\t\t\t\t\t\t\t\t\t\t\t\t\t\t\t\t\t\t\t\t\t\t<span class=\"elementor-button-text\">Envoyer<\/span>\n\t\t\t\t\t\t\t\t\t\t\t\t\t<\/span>\n\t\t\t\t\t<\/button>\n\t\t\t\t<\/div>\n\t\t\t<\/div>\n\t\t<input type=\"hidden\" name=\"trp-form-language\" value=\"fr\"\/><\/form>\n\t\t\t\t\t\t<\/div>\n\t\t\t\t<\/div>\n\t\t\t\t<\/div>\n\t\t\t\t\t<\/div>\n\t\t\t\t<\/div>\n\t\t\t\t<\/div>","protected":false},"excerpt":{"rendered":"<p>Contactez-nous Informations de contact E-mail : info@beyond.ch T\u00e9l\u00e9phone : +41 21 217 91 76 Parlons-en Planifiez un appel d\u00e9couverte gratuit de 30 minutes pour identifier vos d\u00e9fis en mati\u00e8re de CSRD et d'ESRS et d\u00e9couvrir comment Beyond peut vous aider. Vous pr\u00e9f\u00e9rez l'e-mail ? Envoyez-nous un message et nous vous r\u00e9pondrons dans les plus brefs d\u00e9lais.<\/p>","protected":false},"author":1,"featured_media":0,"parent":0,"menu_order":0,"comment_status":"closed","ping_status":"closed","template":"elementor_header_footer","meta":{"footnotes":""},"class_list":["post-37","page","type-page","status-publish","hentry"],"yoast_head":"<!-- This site is optimized with the Yoast SEO plugin v25.8 - https:\/\/yoast.com\/wordpress\/plugins\/seo\/ -->\n<title>Contact - Beyond-CSRD | Get in Touch for Sustainability Solutions<\/title>\n<meta name=\"description\" content=\"Have questions about CSRD compliance or sustainability reporting? Contact Beyond-CSRD for expert advice and tailored solutions today.\" \/>\n<meta name=\"robots\" content=\"index, follow, max-snippet:-1, max-image-preview:large, max-video-preview:-1\" \/>\n<link rel=\"canonical\" href=\"https:\/\/www.beyond-csrd.com\/fr\/contact\/\" \/>\n<meta property=\"og:locale\" content=\"fr_FR\" \/>\n<meta property=\"og:type\" content=\"article\" \/>\n<meta property=\"og:title\" content=\"Contact - Beyond-CSRD | Get in Touch for Sustainability Solutions\" \/>\n<meta property=\"og:description\" content=\"Have questions about CSRD compliance or sustainability reporting? Contact Beyond-CSRD for expert advice and tailored solutions today.\" \/>\n<meta property=\"og:url\" content=\"https:\/\/www.beyond-csrd.com\/fr\/contact\/\" \/>\n<meta property=\"og:site_name\" content=\"Beyond-CSRD\" \/>\n<meta property=\"article:modified_time\" content=\"2025-06-11T13:28:16+00:00\" \/>\n<meta name=\"twitter:card\" content=\"summary_large_image\" \/>\n<meta name=\"twitter:label1\" content=\"Dur\u00e9e de lecture estim\u00e9e\" \/>\n\t<meta name=\"twitter:data1\" content=\"1 minute\" \/>\n<script type=\"application\/ld+json\" class=\"yoast-schema-graph\">{\"@context\":\"https:\/\/schema.org\",\"@graph\":[{\"@type\":\"WebPage\",\"@id\":\"https:\/\/www.beyond-csrd.com\/contact\/\",\"url\":\"https:\/\/www.beyond-csrd.com\/contact\/\",\"name\":\"Contact - Beyond-CSRD | Get in Touch for Sustainability Solutions\",\"isPartOf\":{\"@id\":\"https:\/\/www.beyond-csrd.com\/#website\"},\"datePublished\":\"2024-12-23T08:43:33+00:00\",\"dateModified\":\"2025-06-11T13:28:16+00:00\",\"description\":\"Have questions about CSRD compliance or sustainability reporting? Contact Beyond-CSRD for expert advice and tailored solutions today.\",\"breadcrumb\":{\"@id\":\"https:\/\/www.beyond-csrd.com\/contact\/#breadcrumb\"},\"inLanguage\":\"fr-FR\",\"potentialAction\":[{\"@type\":\"ReadAction\",\"target\":[\"https:\/\/www.beyond-csrd.com\/contact\/\"]}]},{\"@type\":\"BreadcrumbList\",\"@id\":\"https:\/\/www.beyond-csrd.com\/contact\/#breadcrumb\",\"itemListElement\":[{\"@type\":\"ListItem\",\"position\":1,\"name\":\"Home\",\"item\":\"https:\/\/www.beyond-csrd.com\/\"},{\"@type\":\"ListItem\",\"position\":2,\"name\":\"Contact\"}]},{\"@type\":\"WebSite\",\"@id\":\"https:\/\/www.beyond-csrd.com\/#website\",\"url\":\"https:\/\/www.beyond-csrd.com\/\",\"name\":\"Beyond-CSRD\",\"description\":\"Provider of solutions to simplify CSRD reporting process.\",\"publisher\":{\"@id\":\"https:\/\/www.beyond-csrd.com\/#organization\"},\"potentialAction\":[{\"@type\":\"SearchAction\",\"target\":{\"@type\":\"EntryPoint\",\"urlTemplate\":\"https:\/\/www.beyond-csrd.com\/?s={search_term_string}\"},\"query-input\":{\"@type\":\"PropertyValueSpecification\",\"valueRequired\":true,\"valueName\":\"search_term_string\"}}],\"inLanguage\":\"fr-FR\"},{\"@type\":\"Organization\",\"@id\":\"https:\/\/www.beyond-csrd.com\/#organization\",\"name\":\"Beyond-CSRD\",\"url\":\"https:\/\/www.beyond-csrd.com\/\",\"logo\":{\"@type\":\"ImageObject\",\"inLanguage\":\"fr-FR\",\"@id\":\"https:\/\/www.beyond-csrd.com\/#\/schema\/logo\/image\/\",\"url\":\"https:\/\/www.beyond-csrd.com\/wp-content\/uploads\/2024\/12\/BS_CLAIM_LOGO__POS_PMS_COUL.png\",\"contentUrl\":\"https:\/\/www.beyond-csrd.com\/wp-content\/uploads\/2024\/12\/BS_CLAIM_LOGO__POS_PMS_COUL.png\",\"width\":2520,\"height\":1016,\"caption\":\"Beyond-CSRD\"},\"image\":{\"@id\":\"https:\/\/www.beyond-csrd.com\/#\/schema\/logo\/image\/\"},\"sameAs\":[\"https:\/\/www.linkedin.com\/company\/beyondstrategy-consulting\/\"]}]}<\/script>\n<!-- \/ Yoast SEO plugin. -->","yoast_head_json":{"title":"Contact - Beyond-CSRD | Contactez-nous pour des solutions de durabilit\u00e9","description":"Vous avez des questions sur la conformit\u00e9 CSRD ou le reporting de durabilit\u00e9 ? Contactez Beyond-CSRD pour des conseils d'experts et des solutions sur mesure d\u00e8s aujourd'hui.","robots":{"index":"index","follow":"follow","max-snippet":"max-snippet:-1","max-image-preview":"max-image-preview:large","max-video-preview":"max-video-preview:-1"},"canonical":"https:\/\/www.beyond-csrd.com\/fr\/contact\/","og_locale":"fr_FR","og_type":"article","og_title":"Contact - Beyond-CSRD | Get in Touch for Sustainability Solutions","og_description":"Have questions about CSRD compliance or sustainability reporting? Contact Beyond-CSRD for expert advice and tailored solutions today.","og_url":"https:\/\/www.beyond-csrd.com\/fr\/contact\/","og_site_name":"Beyond-CSRD","article_modified_time":"2025-06-11T13:28:16+00:00","twitter_card":"summary_large_image","twitter_misc":{"Dur\u00e9e de lecture estim\u00e9e":"1 minute"},"schema":{"@context":"https:\/\/schema.org","@graph":[{"@type":"WebPage","@id":"https:\/\/www.beyond-csrd.com\/contact\/","url":"https:\/\/www.beyond-csrd.com\/contact\/","name":"Contact - Beyond-CSRD | Contactez-nous pour des solutions de durabilit\u00e9","isPartOf":{"@id":"https:\/\/www.beyond-csrd.com\/#website"},"datePublished":"2024-12-23T08:43:33+00:00","dateModified":"2025-06-11T13:28:16+00:00","description":"Vous avez des questions sur la conformit\u00e9 CSRD ou le reporting de durabilit\u00e9 ? Contactez Beyond-CSRD pour des conseils d'experts et des solutions sur mesure d\u00e8s aujourd'hui.","breadcrumb":{"@id":"https:\/\/www.beyond-csrd.com\/contact\/#breadcrumb"},"inLanguage":"fr-FR","potentialAction":[{"@type":"ReadAction","target":["https:\/\/www.beyond-csrd.com\/contact\/"]}]},{"@type":"BreadcrumbList","@id":"https:\/\/www.beyond-csrd.com\/contact\/#breadcrumb","itemListElement":[{"@type":"ListItem","position":1,"name":"Home","item":"https:\/\/www.beyond-csrd.com\/"},{"@type":"ListItem","position":2,"name":"Contact"}]},{"@type":"WebSite","@id":"https:\/\/www.beyond-csrd.com\/#website","url":"https:\/\/www.beyond-csrd.com\/","name":"Au-del\u00e0 de la CRDS","description":"Fournisseur de solutions visant \u00e0 simplifier le processus de d\u00e9claration au CSRD.","publisher":{"@id":"https:\/\/www.beyond-csrd.com\/#organization"},"potentialAction":[{"@type":"SearchAction","target":{"@type":"EntryPoint","urlTemplate":"https:\/\/www.beyond-csrd.com\/?s={search_term_string}"},"query-input":{"@type":"PropertyValueSpecification","valueRequired":true,"valueName":"search_term_string"}}],"inLanguage":"fr-FR"},{"@type":"Organization","@id":"https:\/\/www.beyond-csrd.com\/#organization","name":"Au-del\u00e0 de la CRDS","url":"https:\/\/www.beyond-csrd.com\/","logo":{"@type":"ImageObject","inLanguage":"fr-FR","@id":"https:\/\/www.beyond-csrd.com\/#\/schema\/logo\/image\/","url":"https:\/\/www.beyond-csrd.com\/wp-content\/uploads\/2024\/12\/BS_CLAIM_LOGO__POS_PMS_COUL.png","contentUrl":"https:\/\/www.beyond-csrd.com\/wp-content\/uploads\/2024\/12\/BS_CLAIM_LOGO__POS_PMS_COUL.png","width":2520,"height":1016,"caption":"Beyond-CSRD"},"image":{"@id":"https:\/\/www.beyond-csrd.com\/#\/schema\/logo\/image\/"},"sameAs":["https:\/\/www.linkedin.com\/company\/beyondstrategy-consulting\/"]}]}},"_links":{"self":[{"href":"https:\/\/www.beyond-csrd.com\/fr\/wp-json\/wp\/v2\/pages\/37","targetHints":{"allow":["GET"]}}],"collection":[{"href":"https:\/\/www.beyond-csrd.com\/fr\/wp-json\/wp\/v2\/pages"}],"about":[{"href":"https:\/\/www.beyond-csrd.com\/fr\/wp-json\/wp\/v2\/types\/page"}],"author":[{"embeddable":true,"href":"https:\/\/www.beyond-csrd.com\/fr\/wp-json\/wp\/v2\/users\/1"}],"replies":[{"embeddable":true,"href":"https:\/\/www.beyond-csrd.com\/fr\/wp-json\/wp\/v2\/comments?post=37"}],"version-history":[{"count":148,"href":"https:\/\/www.beyond-csrd.com\/fr\/wp-json\/wp\/v2\/pages\/37\/revisions"}],"predecessor-version":[{"id":2557,"href":"https:\/\/www.beyond-csrd.com\/fr\/wp-json\/wp\/v2\/pages\/37\/revisions\/2557"}],"wp:attachment":[{"href":"https:\/\/www.beyond-csrd.com\/fr\/wp-json\/wp\/v2\/media?parent=37"}],"curies":[{"name":"wp","href":"https:\/\/api.w.org\/{rel}","templated":true}]}}