{"id":3474,"date":"2025-11-18T10:14:16","date_gmt":"2025-11-18T09:14:16","guid":{"rendered":"https:\/\/www.beyond-csrd.com\/?page_id=3474"},"modified":"2025-11-18T10:17:04","modified_gmt":"2025-11-18T09:17:04","slug":"our-labels","status":"publish","type":"page","link":"https:\/\/www.beyond-csrd.com\/fr\/our-labels\/","title":{"rendered":"Nos labels"},"content":{"rendered":"<div data-elementor-type=\"wp-page\" data-elementor-id=\"3474\" class=\"elementor elementor-3474\" data-elementor-post-type=\"page\">\n\t\t\t\t<div class=\"elementor-element elementor-element-70bb781 e-flex e-con-boxed e-con e-parent\" data-id=\"70bb781\" data-element_type=\"container\">\n\t\t\t\t\t<div class=\"e-con-inner\">\n\t\t\t\t<div class=\"elementor-element elementor-element-8167b96 elementor-position-top elementor-widget elementor-widget-image-box\" data-id=\"8167b96\" data-element_type=\"widget\" data-widget_type=\"image-box.default\">\n\t\t\t\t<div class=\"elementor-widget-container\">\n\t\t\t\t\t<div class=\"elementor-image-box-wrapper\"><figure class=\"elementor-image-box-img\"><a href=\"http:\/\/swissmadesoftware.org\/\" tabindex=\"-1\"><img fetchpriority=\"high\" decoding=\"async\" width=\"1134\" height=\"189\" src=\"https:\/\/www.beyond-csrd.com\/wp-content\/uploads\/2024\/12\/SMS-Logo-1h-black-300dpi_RGB.png\" class=\"attachment-full size-full wp-image-3464\" alt=\"\" srcset=\"https:\/\/www.beyond-csrd.com\/wp-content\/uploads\/2024\/12\/SMS-Logo-1h-black-300dpi_RGB.png 1134w, https:\/\/www.beyond-csrd.com\/wp-content\/uploads\/2024\/12\/SMS-Logo-1h-black-300dpi_RGB-300x50.png 300w, https:\/\/www.beyond-csrd.com\/wp-content\/uploads\/2024\/12\/SMS-Logo-1h-black-300dpi_RGB-1024x171.png 1024w, https:\/\/www.beyond-csrd.com\/wp-content\/uploads\/2024\/12\/SMS-Logo-1h-black-300dpi_RGB-768x128.png 768w, https:\/\/www.beyond-csrd.com\/wp-content\/uploads\/2024\/12\/SMS-Logo-1h-black-300dpi_RGB-18x3.png 18w, https:\/\/www.beyond-csrd.com\/wp-content\/uploads\/2024\/12\/SMS-Logo-1h-black-300dpi_RGB-610x102.png 610w, https:\/\/www.beyond-csrd.com\/wp-content\/uploads\/2024\/12\/elementor\/thumbs\/SMS-Logo-1h-black-300dpi_RGB-rechmjtmvlqh0cvu4lvblu10kw4c6wqkspag2zgvre.png 7w, https:\/\/www.beyond-csrd.com\/wp-content\/uploads\/2024\/12\/elementor\/thumbs\/SMS-Logo-1h-black-300dpi_RGB-rechmjtna2qcis9nk2hyvw4o80ihf2322adil2tveu.png 40w\" sizes=\"(max-width: 1134px) 100vw, 1134px\" \/><\/a><\/figure><div class=\"elementor-image-box-content\"><p class=\"elementor-image-box-description\">Nous sommes fiers de pouvoir dire que tous les d\u00e9veloppements de logiciels sont enti\u00e8rement r\u00e9alis\u00e9s en Suisse.\n\nPour garantir une s\u00e9curit\u00e9 de premier ordre, nous nous appuyons sur des plates-formes mondiales de premier plan. <\/p><\/div><\/div>\t\t\t\t<\/div>\n\t\t\t\t<\/div>\n\t\t\t\t\t<\/div>\n\t\t\t\t<\/div>\n\t\t\t\t<\/div>","protected":false},"excerpt":{"rendered":"<p>We are proud to say that all software development is being carried out entirely in Switzerland. To ensure top-tier security, we rely on leading global platforms .<\/p>","protected":false},"author":1,"featured_media":0,"parent":0,"menu_order":0,"comment_status":"closed","ping_status":"closed","template":"","meta":{"footnotes":""},"class_list":["post-3474","page","type-page","status-publish","hentry"],"yoast_head":"<!-- This site is optimized with the Yoast SEO plugin v25.8 - https:\/\/yoast.com\/wordpress\/plugins\/seo\/ -->\n<title>Our labels - Beyond-CSRD<\/title>\n<meta name=\"robots\" content=\"index, follow, max-snippet:-1, max-image-preview:large, max-video-preview:-1\" \/>\n<link rel=\"canonical\" href=\"https:\/\/www.beyond-csrd.com\/fr\/our-labels\/\" \/>\n<meta property=\"og:locale\" content=\"fr_FR\" \/>\n<meta property=\"og:type\" content=\"article\" \/>\n<meta property=\"og:title\" content=\"Our labels - Beyond-CSRD\" \/>\n<meta property=\"og:description\" content=\"We are proud to say that all software development is being carried out entirely in Switzerland. To ensure top-tier security, we rely on leading global platforms .\" \/>\n<meta property=\"og:url\" content=\"https:\/\/www.beyond-csrd.com\/fr\/our-labels\/\" \/>\n<meta property=\"og:site_name\" content=\"Beyond-CSRD\" \/>\n<meta property=\"article:modified_time\" content=\"2025-11-18T09:17:04+00:00\" \/>\n<meta property=\"og:image\" content=\"https:\/\/www.beyond-csrd.com\/wp-content\/uploads\/2024\/12\/SMS-Logo-1h-black-300dpi_RGB.png\" \/>\n\t<meta property=\"og:image:width\" content=\"1134\" \/>\n\t<meta property=\"og:image:height\" content=\"189\" \/>\n\t<meta property=\"og:image:type\" content=\"image\/png\" \/>\n<meta name=\"twitter:card\" content=\"summary_large_image\" \/>\n<meta name=\"twitter:label1\" content=\"Dur\u00e9e de lecture estim\u00e9e\" \/>\n\t<meta name=\"twitter:data1\" content=\"1 minute\" \/>\n<script type=\"application\/ld+json\" class=\"yoast-schema-graph\">{\"@context\":\"https:\/\/schema.org\",\"@graph\":[{\"@type\":\"WebPage\",\"@id\":\"https:\/\/www.beyond-csrd.com\/our-labels\/\",\"url\":\"https:\/\/www.beyond-csrd.com\/our-labels\/\",\"name\":\"Our labels - Beyond-CSRD\",\"isPartOf\":{\"@id\":\"https:\/\/www.beyond-csrd.com\/#website\"},\"primaryImageOfPage\":{\"@id\":\"https:\/\/www.beyond-csrd.com\/our-labels\/#primaryimage\"},\"image\":{\"@id\":\"https:\/\/www.beyond-csrd.com\/our-labels\/#primaryimage\"},\"thumbnailUrl\":\"https:\/\/www.beyond-csrd.com\/wp-content\/uploads\/2024\/12\/SMS-Logo-1h-black-300dpi_RGB.png\",\"datePublished\":\"2025-11-18T09:14:16+00:00\",\"dateModified\":\"2025-11-18T09:17:04+00:00\",\"breadcrumb\":{\"@id\":\"https:\/\/www.beyond-csrd.com\/our-labels\/#breadcrumb\"},\"inLanguage\":\"fr-FR\",\"potentialAction\":[{\"@type\":\"ReadAction\",\"target\":[\"https:\/\/www.beyond-csrd.com\/our-labels\/\"]}]},{\"@type\":\"ImageObject\",\"inLanguage\":\"fr-FR\",\"@id\":\"https:\/\/www.beyond-csrd.com\/our-labels\/#primaryimage\",\"url\":\"https:\/\/www.beyond-csrd.com\/wp-content\/uploads\/2024\/12\/SMS-Logo-1h-black-300dpi_RGB.png\",\"contentUrl\":\"https:\/\/www.beyond-csrd.com\/wp-content\/uploads\/2024\/12\/SMS-Logo-1h-black-300dpi_RGB.png\"},{\"@type\":\"BreadcrumbList\",\"@id\":\"https:\/\/www.beyond-csrd.com\/our-labels\/#breadcrumb\",\"itemListElement\":[{\"@type\":\"ListItem\",\"position\":1,\"name\":\"Home\",\"item\":\"https:\/\/www.beyond-csrd.com\/\"},{\"@type\":\"ListItem\",\"position\":2,\"name\":\"Our labels\"}]},{\"@type\":\"WebSite\",\"@id\":\"https:\/\/www.beyond-csrd.com\/#website\",\"url\":\"https:\/\/www.beyond-csrd.com\/\",\"name\":\"Beyond-CSRD\",\"description\":\"Provider of solutions to simplify CSRD reporting process.\",\"publisher\":{\"@id\":\"https:\/\/www.beyond-csrd.com\/#organization\"},\"potentialAction\":[{\"@type\":\"SearchAction\",\"target\":{\"@type\":\"EntryPoint\",\"urlTemplate\":\"https:\/\/www.beyond-csrd.com\/?s={search_term_string}\"},\"query-input\":{\"@type\":\"PropertyValueSpecification\",\"valueRequired\":true,\"valueName\":\"search_term_string\"}}],\"inLanguage\":\"fr-FR\"},{\"@type\":\"Organization\",\"@id\":\"https:\/\/www.beyond-csrd.com\/#organization\",\"name\":\"Beyond-CSRD\",\"url\":\"https:\/\/www.beyond-csrd.com\/\",\"logo\":{\"@type\":\"ImageObject\",\"inLanguage\":\"fr-FR\",\"@id\":\"https:\/\/www.beyond-csrd.com\/#\/schema\/logo\/image\/\",\"url\":\"https:\/\/www.beyond-csrd.com\/wp-content\/uploads\/2024\/12\/BS_CLAIM_LOGO__POS_PMS_COUL.png\",\"contentUrl\":\"https:\/\/www.beyond-csrd.com\/wp-content\/uploads\/2024\/12\/BS_CLAIM_LOGO__POS_PMS_COUL.png\",\"width\":2520,\"height\":1016,\"caption\":\"Beyond-CSRD\"},\"image\":{\"@id\":\"https:\/\/www.beyond-csrd.com\/#\/schema\/logo\/image\/\"},\"sameAs\":[\"https:\/\/www.linkedin.com\/company\/beyondstrategy-consulting\/\"]}]}<\/script>\n<!-- \/ Yoast SEO plugin. -->","yoast_head_json":{"title":"Our labels - Beyond-CSRD","robots":{"index":"index","follow":"follow","max-snippet":"max-snippet:-1","max-image-preview":"max-image-preview:large","max-video-preview":"max-video-preview:-1"},"canonical":"https:\/\/www.beyond-csrd.com\/fr\/our-labels\/","og_locale":"fr_FR","og_type":"article","og_title":"Our labels - Beyond-CSRD","og_description":"We are proud to say that all software development is being carried out entirely in Switzerland. To ensure top-tier security, we rely on leading global platforms .","og_url":"https:\/\/www.beyond-csrd.com\/fr\/our-labels\/","og_site_name":"Beyond-CSRD","article_modified_time":"2025-11-18T09:17:04+00:00","og_image":[{"width":1134,"height":189,"url":"https:\/\/www.beyond-csrd.com\/wp-content\/uploads\/2024\/12\/SMS-Logo-1h-black-300dpi_RGB.png","type":"image\/png"}],"twitter_card":"summary_large_image","twitter_misc":{"Dur\u00e9e de lecture estim\u00e9e":"1 minute"},"schema":{"@context":"https:\/\/schema.org","@graph":[{"@type":"WebPage","@id":"https:\/\/www.beyond-csrd.com\/our-labels\/","url":"https:\/\/www.beyond-csrd.com\/our-labels\/","name":"Our labels - Beyond-CSRD","isPartOf":{"@id":"https:\/\/www.beyond-csrd.com\/#website"},"primaryImageOfPage":{"@id":"https:\/\/www.beyond-csrd.com\/our-labels\/#primaryimage"},"image":{"@id":"https:\/\/www.beyond-csrd.com\/our-labels\/#primaryimage"},"thumbnailUrl":"https:\/\/www.beyond-csrd.com\/wp-content\/uploads\/2024\/12\/SMS-Logo-1h-black-300dpi_RGB.png","datePublished":"2025-11-18T09:14:16+00:00","dateModified":"2025-11-18T09:17:04+00:00","breadcrumb":{"@id":"https:\/\/www.beyond-csrd.com\/our-labels\/#breadcrumb"},"inLanguage":"fr-FR","potentialAction":[{"@type":"ReadAction","target":["https:\/\/www.beyond-csrd.com\/our-labels\/"]}]},{"@type":"ImageObject","inLanguage":"fr-FR","@id":"https:\/\/www.beyond-csrd.com\/our-labels\/#primaryimage","url":"https:\/\/www.beyond-csrd.com\/wp-content\/uploads\/2024\/12\/SMS-Logo-1h-black-300dpi_RGB.png","contentUrl":"https:\/\/www.beyond-csrd.com\/wp-content\/uploads\/2024\/12\/SMS-Logo-1h-black-300dpi_RGB.png"},{"@type":"BreadcrumbList","@id":"https:\/\/www.beyond-csrd.com\/our-labels\/#breadcrumb","itemListElement":[{"@type":"ListItem","position":1,"name":"Home","item":"https:\/\/www.beyond-csrd.com\/"},{"@type":"ListItem","position":2,"name":"Our labels"}]},{"@type":"WebSite","@id":"https:\/\/www.beyond-csrd.com\/#website","url":"https:\/\/www.beyond-csrd.com\/","name":"Au-del\u00e0 de la CRDS","description":"Fournisseur de solutions visant \u00e0 simplifier le processus de d\u00e9claration au CSRD.","publisher":{"@id":"https:\/\/www.beyond-csrd.com\/#organization"},"potentialAction":[{"@type":"SearchAction","target":{"@type":"EntryPoint","urlTemplate":"https:\/\/www.beyond-csrd.com\/?s={search_term_string}"},"query-input":{"@type":"PropertyValueSpecification","valueRequired":true,"valueName":"search_term_string"}}],"inLanguage":"fr-FR"},{"@type":"Organization","@id":"https:\/\/www.beyond-csrd.com\/#organization","name":"Au-del\u00e0 de la CRDS","url":"https:\/\/www.beyond-csrd.com\/","logo":{"@type":"ImageObject","inLanguage":"fr-FR","@id":"https:\/\/www.beyond-csrd.com\/#\/schema\/logo\/image\/","url":"https:\/\/www.beyond-csrd.com\/wp-content\/uploads\/2024\/12\/BS_CLAIM_LOGO__POS_PMS_COUL.png","contentUrl":"https:\/\/www.beyond-csrd.com\/wp-content\/uploads\/2024\/12\/BS_CLAIM_LOGO__POS_PMS_COUL.png","width":2520,"height":1016,"caption":"Beyond-CSRD"},"image":{"@id":"https:\/\/www.beyond-csrd.com\/#\/schema\/logo\/image\/"},"sameAs":["https:\/\/www.linkedin.com\/company\/beyondstrategy-consulting\/"]}]}},"_links":{"self":[{"href":"https:\/\/www.beyond-csrd.com\/fr\/wp-json\/wp\/v2\/pages\/3474","targetHints":{"allow":["GET"]}}],"collection":[{"href":"https:\/\/www.beyond-csrd.com\/fr\/wp-json\/wp\/v2\/pages"}],"about":[{"href":"https:\/\/www.beyond-csrd.com\/fr\/wp-json\/wp\/v2\/types\/page"}],"author":[{"embeddable":true,"href":"https:\/\/www.beyond-csrd.com\/fr\/wp-json\/wp\/v2\/users\/1"}],"replies":[{"embeddable":true,"href":"https:\/\/www.beyond-csrd.com\/fr\/wp-json\/wp\/v2\/comments?post=3474"}],"version-history":[{"count":5,"href":"https:\/\/www.beyond-csrd.com\/fr\/wp-json\/wp\/v2\/pages\/3474\/revisions"}],"predecessor-version":[{"id":3480,"href":"https:\/\/www.beyond-csrd.com\/fr\/wp-json\/wp\/v2\/pages\/3474\/revisions\/3480"}],"wp:attachment":[{"href":"https:\/\/www.beyond-csrd.com\/fr\/wp-json\/wp\/v2\/media?parent=3474"}],"curies":[{"name":"wp","href":"https:\/\/api.w.org\/{rel}","templated":true}]}}