{"id":3,"date":"2024-12-19T13:47:02","date_gmt":"2024-12-19T13:47:02","guid":{"rendered":"http:\/\/beyond-csrd.com\/?page_id=3"},"modified":"2025-08-13T14:07:43","modified_gmt":"2025-08-13T13:07:43","slug":"privacy-policy","status":"publish","type":"page","link":"https:\/\/www.beyond-csrd.com\/fr\/privacy-policy\/","title":{"rendered":"Politique de confidentialit\u00e9"},"content":{"rendered":"<div data-elementor-type=\"wp-page\" data-elementor-id=\"3\" class=\"elementor elementor-3\" data-elementor-post-type=\"page\">\n\t\t\t\t<div class=\"elementor-element elementor-element-4134b428 e-flex e-con-boxed e-con e-parent\" data-id=\"4134b428\" data-element_type=\"container\">\n\t\t\t\t\t<div class=\"e-con-inner\">\n\t\t\t\t<div class=\"elementor-element elementor-element-f3379bd elementor-widget elementor-widget-heading\" data-id=\"f3379bd\" data-element_type=\"widget\" data-widget_type=\"heading.default\">\n\t\t\t\t<div class=\"elementor-widget-container\">\n\t\t\t\t\t<h2 class=\"elementor-heading-title elementor-size-default\">Politique de confidentialit\u00e9<\/h2>\t\t\t\t<\/div>\n\t\t\t\t<\/div>\n\t\t\t\t<div class=\"elementor-element elementor-element-1766a65e elementor-widget elementor-widget-text-editor\" data-id=\"1766a65e\" data-element_type=\"widget\" data-widget_type=\"text-editor.default\">\n\t\t\t\t<div class=\"elementor-widget-container\">\n\t\t\t\t\t\t\t\t\t\n<p data-start=\"327\" data-end=\"529\"><strong data-start=\"327\" data-end=\"344\">Derni\u00e8re mise \u00e0 jour :<\/strong> 13 ao\u00fbt 2025<br data-start=\"359\" data-end=\"362\" \/><strong data-start=\"362\" data-end=\"377\">Contr\u00f4leur :<\/strong> Beyond Strategy SA (\"Beyond-CSRD\"), Rue de Bourg 27, 1003 Lausanne, Suisse<br data-start=\"452\" data-end=\"455\" \/><strong data-start=\"455\" data-end=\"475\">Contact pour la protection de la vie priv\u00e9e :<\/strong> csrd-service@beyond.ch<\/p>\n<h2 class=\"wp-block-heading\" data-start=\"531\" data-end=\"557\">Quelles sont les donn\u00e9es collect\u00e9es ?<\/h2>\n<ul data-start=\"558\" data-end=\"889\">\n<li data-start=\"558\" data-end=\"622\">\n<p data-start=\"560\" data-end=\"622\"><strong data-start=\"560\" data-end=\"580\">Coordonn\u00e9es de la personne \u00e0 contacter :<\/strong> nom, courriel professionnel, t\u00e9l\u00e9phone, entreprise, r\u00f4le.<\/p>\n<\/li>\n<li data-start=\"623\" data-end=\"717\">\n<p data-start=\"625\" data-end=\"717\"><strong data-start=\"625\" data-end=\"646\">Contexte commercial :<\/strong> messages, demandes de r\u00e9union\/d\u00e9monstration, notes n\u00e9cessaires \u00e0 la prestation de services.<\/p>\n<\/li>\n<li data-start=\"718\" data-end=\"823\">\n<p data-start=\"720\" data-end=\"823\"><strong data-start=\"720\" data-end=\"735\">Donn\u00e9es d'utilisation :<\/strong> Adresse IP, horodatage, pages consult\u00e9es, informations sur l'appareil\/navigateur et cookies .<\/p>\n<\/li>\n<li data-start=\"824\" data-end=\"889\">\n<p data-start=\"826\" data-end=\"889\"><strong data-start=\"826\" data-end=\"858\">Recrutement (le cas \u00e9ch\u00e9ant) :<\/strong> CV et notes d'entretien.<\/p>\n<\/li>\n<\/ul>\n<h2 data-start=\"891\" data-end=\"916\">Pourquoi les donn\u00e9es sont-elles trait\u00e9es ?<\/h2>\n<ul data-start=\"917\" data-end=\"1384\">\n<li data-start=\"917\" data-end=\"1020\">\n<p data-start=\"919\" data-end=\"1020\"><strong data-start=\"919\" data-end=\"944\">Interactions de service :<\/strong> r\u00e9pondre aux demandes de renseignements, programmer les d\u00e9monstrations, les propositions et l'assistance aux clients.<\/p>\n<\/li>\n<li data-start=\"1021\" data-end=\"1155\">\n<p data-start=\"1023\" data-end=\"1155\"><strong data-start=\"1023\" data-end=\"1059\">Fonctionnement et am\u00e9lioration du site web :<\/strong> la s\u00e9curit\u00e9, la performance et la mesure de l'audience (analyse uniquement avec consentement si n\u00e9cessaire).<\/p>\n<\/li>\n<li data-start=\"1156\" data-end=\"1384\">\n<p data-start=\"1158\" data-end=\"1384\"><strong data-start=\"1158\" data-end=\"1179\">Mises \u00e0 jour et \u00e9v\u00e9nements :<\/strong> les lettres d'information ou les invitations <strong data-start=\"1207\" data-end=\"1229\">avec consentement pr\u00e9alable<\/strong> (possibilit\u00e9 de retrait \u00e0 tout moment).<br data-start=\"1262\" data-end=\"1265\" \/><strong data-start=\"1265\" data-end=\"1281\">Base juridique :<\/strong> la n\u00e9cessit\u00e9 contractuelle, les int\u00e9r\u00eats l\u00e9gitimes (en \u00e9quilibre avec les droits) et le consentement lorsque la loi l'exige.<\/p>\n<\/li>\n<\/ul>\n<h2 data-start=\"1386\" data-end=\"1419\">Processeurs et outils (concis)<\/h2>\n<ul data-start=\"1420\" data-end=\"2042\">\n<li data-start=\"1420\" data-end=\"1502\">\n<p data-start=\"1422\" data-end=\"1502\"><strong data-start=\"1422\" data-end=\"1451\">H\u00e9bergement et infrastructure :<\/strong> <strong data-start=\"1452\" data-end=\"1466\">Infomaniak<\/strong> (serveurs situ\u00e9s en Suisse).<\/p>\n<\/li>\n<li data-start=\"1503\" data-end=\"1804\">\n<p data-start=\"1505\" data-end=\"1804\"><strong data-start=\"1505\" data-end=\"1534\">CMS et fonctionnalit\u00e9 du site :<\/strong> <strong data-start=\"1535\" data-end=\"1553\">Le c\u0153ur de WordPress<\/strong>, <strong data-start=\"1555\" data-end=\"1572\">Elementor Pro<\/strong> (rendu des pages\/mise en page), <strong data-start=\"1598\" data-end=\"1611\">Yoast SEO<\/strong> (m\u00e9tadonn\u00e9es\/SEO), <strong data-start=\"1628\" data-end=\"1641\">WP Armour<\/strong> (s\u00e9curit\u00e9\/anti-spam), <strong data-start=\"1664\" data-end=\"1672\">Alli\u00e9<\/strong> (caract\u00e9ristiques d'accessibilit\u00e9), <strong data-start=\"1699\" data-end=\"1717\">TranslatePress<\/strong> (pr\u00e9f\u00e9rences linguistiques\/contenu localis\u00e9), <strong data-start=\"1760\" data-end=\"1773\">Complianz<\/strong> (gestion du consentement aux cookies).<\/p>\n<\/li>\n<li data-start=\"1805\" data-end=\"2042\">\n<p data-start=\"1807\" data-end=\"2042\"><strong data-start=\"1807\" data-end=\"1828\">Analyses et \u00e9tiquettes :<\/strong> <strong data-start=\"1829\" data-end=\"1851\">Kit de site par Google<\/strong> (par exemple, GA4\/Tag Manager). Le traitement s'effectue principalement par l'interm\u00e9diaire de Google Ireland Ltd ; les donn\u00e9es peuvent \u00eatre transf\u00e9r\u00e9es en dehors de la Suisse, de l'EEE et du Royaume-Uni en vertu de clauses contractuelles types et de mesures de protection suppl\u00e9mentaires.<\/p>\n<\/li>\n<\/ul>\n<p data-start=\"2044\" data-end=\"2104\"><em data-start=\"2044\" data-end=\"2104\">Une liste actualis\u00e9e des transformateurs peut \u00eatre fournie sur demande.<\/em><\/p>\n<h2 data-start=\"2106\" data-end=\"2118\">R\u00e9tention<\/h2>\n<p data-start=\"2119\" data-end=\"2466\">Les donn\u00e9es ne sont conserv\u00e9es que le temps n\u00e9cessaire aux fins susmentionn\u00e9es ou pour satisfaire aux obligations l\u00e9gales, puis elles sont supprim\u00e9es ou rendues anonymes. P\u00e9riodes typiques : demandes de renseignements et notes de vente <strong data-start=\"2280\" data-end=\"2299\">jusqu'\u00e0 24 mois<\/strong> apr\u00e8s la derni\u00e8re interaction ; les dossiers des clients <strong data-start=\"2343\" data-end=\"2390\">pour la dur\u00e9e du contrat plus les limites statutaires<\/strong>; dossiers de recrutement <strong data-start=\"2410\" data-end=\"2429\">jusqu'\u00e0 12 mois<\/strong> (plus longtemps seulement avec un consentement explicite).<\/p>\n<h2 data-start=\"2468\" data-end=\"2482\">Vos droits<\/h2>\n<p data-start=\"2483\" data-end=\"2810\">Selon la juridiction (CH\/EEA\/UK), les individus peuvent demander <strong data-start=\"2546\" data-end=\"2605\">acc\u00e8s, rectification, suppression, restriction\/objection,<\/strong> et <strong data-start=\"2610\" data-end=\"2625\">portabilit\u00e9<\/strong>et peut <strong data-start=\"2635\" data-end=\"2655\">retirer son consentement<\/strong> \u00e0 tout moment.<br data-start=\"2668\" data-end=\"2671\" \/>Demandes : <b>csrd-service@beyond.ch<\/b>.<br data-start=\"2713\" data-end=\"2716\" \/>Les autorit\u00e9s de surveillance comprennent le <strong data-start=\"2752\" data-end=\"2775\">PFPDT (Suisse)<\/strong> ou l'autorit\u00e9 comp\u00e9tente de l'EEE\/du Royaume-Uni.<\/p>\n<h2 data-start=\"2812\" data-end=\"2822\">Cookies<\/h2>\n<p data-start=\"2823\" data-end=\"2839\">Le site utilise :<\/p>\n<ul data-start=\"2840\" data-end=\"3034\">\n<li data-start=\"2840\" data-end=\"2925\">\n<p data-start=\"2842\" data-end=\"2925\"><strong data-start=\"2842\" data-end=\"2864\">Strictement n\u00e9cessaire<\/strong> les cookies (s\u00e9curit\u00e9, enregistrement des consentements, fonctions de base du site).<\/p>\n<\/li>\n<li data-start=\"2926\" data-end=\"2984\">\n<p data-start=\"2928\" data-end=\"2984\"><strong data-start=\"2928\" data-end=\"2953\">Analyse\/performance<\/strong> les cookies (uniquement avec le consentement de l'int\u00e9ress\u00e9).<\/p>\n<\/li>\n<li data-start=\"2985\" data-end=\"3034\">\n<p data-start=\"2987\" data-end=\"3034\"><strong data-start=\"2987\" data-end=\"3000\">Marketing<\/strong> les cookies\/tags (uniquement avec le consentement de l'utilisateur).<\/p>\n<\/li>\n<\/ul>\n<p data-start=\"3036\" data-end=\"3266\">Le consentement peut \u00eatre \u00e9tabli ou retir\u00e9 \u00e0 tout moment via <strong data-start=\"3084\" data-end=\"3132\">Param\u00e8tres des cookies<\/strong> (voir widget) ou les contr\u00f4les du navigateur.<br data-start=\"3165\" data-end=\"3168\" \/>Pour une liste dynamique et actualis\u00e9e des cookies et de leurs objectifs, voir la page <a href=\"https:\/\/www.beyond-csrd.com\/fr\/cookie-policy-eu\/\"><strong data-start=\"3228\" data-end=\"3265\">Politique en mati\u00e8re de cookies g\u00e9n\u00e9r\u00e9e par Complianz<\/strong><\/a>.<\/p>\n\t\t\t\t\t\t\t\t<\/div>\n\t\t\t\t<\/div>\n\t\t\t\t\t<\/div>\n\t\t\t\t<\/div>\n\t\t\t\t<\/div>","protected":false},"excerpt":{"rendered":"<p>Privacy Policy Last updated: 13 August 2025Controller: Beyond Strategy SA (\u201cBeyond-CSRD\u201d), Rue de Bourg 27, 1003 Lausanne, SwitzerlandPrivacy contact: csrd-service@beyond.ch What data are collected Contact details: name, work email, phone, company, role. Business context: messages, meeting\/demo requests, notes required to deliver services. Usage data: IP address, timestamps, pages viewed, device\/browser info, and cookies . Recruitment [&hellip;]<\/p>","protected":false},"author":1,"featured_media":0,"parent":0,"menu_order":0,"comment_status":"closed","ping_status":"open","template":"","meta":{"footnotes":""},"class_list":["post-3","page","type-page","status-publish","hentry"],"yoast_head":"<!-- This site is optimized with the Yoast SEO plugin v25.8 - https:\/\/yoast.com\/wordpress\/plugins\/seo\/ -->\n<title>Privacy Policy - Beyond-CSRD<\/title>\n<meta name=\"robots\" content=\"index, follow, max-snippet:-1, max-image-preview:large, max-video-preview:-1\" \/>\n<link rel=\"canonical\" href=\"https:\/\/www.beyond-csrd.com\/fr\/privacy-policy\/\" \/>\n<meta property=\"og:locale\" content=\"fr_FR\" \/>\n<meta property=\"og:type\" content=\"article\" \/>\n<meta property=\"og:title\" content=\"Privacy Policy - Beyond-CSRD\" \/>\n<meta property=\"og:description\" content=\"Privacy Policy Last updated: 13 August 2025Controller: Beyond Strategy SA (\u201cBeyond-CSRD\u201d), Rue de Bourg 27, 1003 Lausanne, SwitzerlandPrivacy contact: csrd-service@beyond.ch What data are collected Contact details: name, work email, phone, company, role. Business context: messages, meeting\/demo requests, notes required to deliver services. Usage data: IP address, timestamps, pages viewed, device\/browser info, and cookies . Recruitment [&hellip;]\" \/>\n<meta property=\"og:url\" content=\"https:\/\/www.beyond-csrd.com\/fr\/privacy-policy\/\" \/>\n<meta property=\"og:site_name\" content=\"Beyond-CSRD\" \/>\n<meta property=\"article:modified_time\" content=\"2025-08-13T13:07:43+00:00\" \/>\n<meta name=\"twitter:card\" content=\"summary_large_image\" \/>\n<meta name=\"twitter:label1\" content=\"Dur\u00e9e de lecture estim\u00e9e\" \/>\n\t<meta name=\"twitter:data1\" content=\"2 minutes\" \/>\n<script type=\"application\/ld+json\" class=\"yoast-schema-graph\">{\"@context\":\"https:\/\/schema.org\",\"@graph\":[{\"@type\":\"WebPage\",\"@id\":\"https:\/\/www.beyond-csrd.com\/privacy-policy\/\",\"url\":\"https:\/\/www.beyond-csrd.com\/privacy-policy\/\",\"name\":\"Privacy Policy - Beyond-CSRD\",\"isPartOf\":{\"@id\":\"https:\/\/www.beyond-csrd.com\/#website\"},\"datePublished\":\"2024-12-19T13:47:02+00:00\",\"dateModified\":\"2025-08-13T13:07:43+00:00\",\"breadcrumb\":{\"@id\":\"https:\/\/www.beyond-csrd.com\/privacy-policy\/#breadcrumb\"},\"inLanguage\":\"fr-FR\",\"potentialAction\":[{\"@type\":\"ReadAction\",\"target\":[\"https:\/\/www.beyond-csrd.com\/privacy-policy\/\"]}]},{\"@type\":\"BreadcrumbList\",\"@id\":\"https:\/\/www.beyond-csrd.com\/privacy-policy\/#breadcrumb\",\"itemListElement\":[{\"@type\":\"ListItem\",\"position\":1,\"name\":\"Home\",\"item\":\"https:\/\/www.beyond-csrd.com\/\"},{\"@type\":\"ListItem\",\"position\":2,\"name\":\"Privacy Policy\"}]},{\"@type\":\"WebSite\",\"@id\":\"https:\/\/www.beyond-csrd.com\/#website\",\"url\":\"https:\/\/www.beyond-csrd.com\/\",\"name\":\"Beyond-CSRD\",\"description\":\"Provider of solutions to simplify CSRD reporting process.\",\"publisher\":{\"@id\":\"https:\/\/www.beyond-csrd.com\/#organization\"},\"potentialAction\":[{\"@type\":\"SearchAction\",\"target\":{\"@type\":\"EntryPoint\",\"urlTemplate\":\"https:\/\/www.beyond-csrd.com\/?s={search_term_string}\"},\"query-input\":{\"@type\":\"PropertyValueSpecification\",\"valueRequired\":true,\"valueName\":\"search_term_string\"}}],\"inLanguage\":\"fr-FR\"},{\"@type\":\"Organization\",\"@id\":\"https:\/\/www.beyond-csrd.com\/#organization\",\"name\":\"Beyond-CSRD\",\"url\":\"https:\/\/www.beyond-csrd.com\/\",\"logo\":{\"@type\":\"ImageObject\",\"inLanguage\":\"fr-FR\",\"@id\":\"https:\/\/www.beyond-csrd.com\/#\/schema\/logo\/image\/\",\"url\":\"https:\/\/www.beyond-csrd.com\/wp-content\/uploads\/2024\/12\/BS_CLAIM_LOGO__POS_PMS_COUL.png\",\"contentUrl\":\"https:\/\/www.beyond-csrd.com\/wp-content\/uploads\/2024\/12\/BS_CLAIM_LOGO__POS_PMS_COUL.png\",\"width\":2520,\"height\":1016,\"caption\":\"Beyond-CSRD\"},\"image\":{\"@id\":\"https:\/\/www.beyond-csrd.com\/#\/schema\/logo\/image\/\"},\"sameAs\":[\"https:\/\/www.linkedin.com\/company\/beyondstrategy-consulting\/\"]}]}<\/script>\n<!-- \/ Yoast SEO plugin. -->","yoast_head_json":{"title":"Privacy Policy - Beyond-CSRD","robots":{"index":"index","follow":"follow","max-snippet":"max-snippet:-1","max-image-preview":"max-image-preview:large","max-video-preview":"max-video-preview:-1"},"canonical":"https:\/\/www.beyond-csrd.com\/fr\/privacy-policy\/","og_locale":"fr_FR","og_type":"article","og_title":"Privacy Policy - Beyond-CSRD","og_description":"Privacy Policy Last updated: 13 August 2025Controller: Beyond Strategy SA (\u201cBeyond-CSRD\u201d), Rue de Bourg 27, 1003 Lausanne, SwitzerlandPrivacy contact: csrd-service@beyond.ch What data are collected Contact details: name, work email, phone, company, role. Business context: messages, meeting\/demo requests, notes required to deliver services. Usage data: IP address, timestamps, pages viewed, device\/browser info, and cookies . Recruitment [&hellip;]","og_url":"https:\/\/www.beyond-csrd.com\/fr\/privacy-policy\/","og_site_name":"Beyond-CSRD","article_modified_time":"2025-08-13T13:07:43+00:00","twitter_card":"summary_large_image","twitter_misc":{"Dur\u00e9e de lecture estim\u00e9e":"2 minutes"},"schema":{"@context":"https:\/\/schema.org","@graph":[{"@type":"WebPage","@id":"https:\/\/www.beyond-csrd.com\/privacy-policy\/","url":"https:\/\/www.beyond-csrd.com\/privacy-policy\/","name":"Privacy Policy - Beyond-CSRD","isPartOf":{"@id":"https:\/\/www.beyond-csrd.com\/#website"},"datePublished":"2024-12-19T13:47:02+00:00","dateModified":"2025-08-13T13:07:43+00:00","breadcrumb":{"@id":"https:\/\/www.beyond-csrd.com\/privacy-policy\/#breadcrumb"},"inLanguage":"fr-FR","potentialAction":[{"@type":"ReadAction","target":["https:\/\/www.beyond-csrd.com\/privacy-policy\/"]}]},{"@type":"BreadcrumbList","@id":"https:\/\/www.beyond-csrd.com\/privacy-policy\/#breadcrumb","itemListElement":[{"@type":"ListItem","position":1,"name":"Home","item":"https:\/\/www.beyond-csrd.com\/"},{"@type":"ListItem","position":2,"name":"Privacy Policy"}]},{"@type":"WebSite","@id":"https:\/\/www.beyond-csrd.com\/#website","url":"https:\/\/www.beyond-csrd.com\/","name":"Au-del\u00e0 de la CRDS","description":"Fournisseur de solutions visant \u00e0 simplifier le processus de d\u00e9claration au CSRD.","publisher":{"@id":"https:\/\/www.beyond-csrd.com\/#organization"},"potentialAction":[{"@type":"SearchAction","target":{"@type":"EntryPoint","urlTemplate":"https:\/\/www.beyond-csrd.com\/?s={search_term_string}"},"query-input":{"@type":"PropertyValueSpecification","valueRequired":true,"valueName":"search_term_string"}}],"inLanguage":"fr-FR"},{"@type":"Organization","@id":"https:\/\/www.beyond-csrd.com\/#organization","name":"Au-del\u00e0 de la CRDS","url":"https:\/\/www.beyond-csrd.com\/","logo":{"@type":"ImageObject","inLanguage":"fr-FR","@id":"https:\/\/www.beyond-csrd.com\/#\/schema\/logo\/image\/","url":"https:\/\/www.beyond-csrd.com\/wp-content\/uploads\/2024\/12\/BS_CLAIM_LOGO__POS_PMS_COUL.png","contentUrl":"https:\/\/www.beyond-csrd.com\/wp-content\/uploads\/2024\/12\/BS_CLAIM_LOGO__POS_PMS_COUL.png","width":2520,"height":1016,"caption":"Beyond-CSRD"},"image":{"@id":"https:\/\/www.beyond-csrd.com\/#\/schema\/logo\/image\/"},"sameAs":["https:\/\/www.linkedin.com\/company\/beyondstrategy-consulting\/"]}]}},"_links":{"self":[{"href":"https:\/\/www.beyond-csrd.com\/fr\/wp-json\/wp\/v2\/pages\/3","targetHints":{"allow":["GET"]}}],"collection":[{"href":"https:\/\/www.beyond-csrd.com\/fr\/wp-json\/wp\/v2\/pages"}],"about":[{"href":"https:\/\/www.beyond-csrd.com\/fr\/wp-json\/wp\/v2\/types\/page"}],"author":[{"embeddable":true,"href":"https:\/\/www.beyond-csrd.com\/fr\/wp-json\/wp\/v2\/users\/1"}],"replies":[{"embeddable":true,"href":"https:\/\/www.beyond-csrd.com\/fr\/wp-json\/wp\/v2\/comments?post=3"}],"version-history":[{"count":9,"href":"https:\/\/www.beyond-csrd.com\/fr\/wp-json\/wp\/v2\/pages\/3\/revisions"}],"predecessor-version":[{"id":3249,"href":"https:\/\/www.beyond-csrd.com\/fr\/wp-json\/wp\/v2\/pages\/3\/revisions\/3249"}],"wp:attachment":[{"href":"https:\/\/www.beyond-csrd.com\/fr\/wp-json\/wp\/v2\/media?parent=3"}],"curies":[{"name":"wp","href":"https:\/\/api.w.org\/{rel}","templated":true}]}}