{"id":1779,"date":"2025-02-12T12:50:32","date_gmt":"2025-02-12T11:50:32","guid":{"rendered":"https:\/\/www.beyond-csrd.com\/?page_id=1779"},"modified":"2025-08-27T14:54:17","modified_gmt":"2025-08-27T13:54:17","slug":"research-innovation","status":"publish","type":"page","link":"https:\/\/www.beyond-csrd.com\/fr\/research-innovation\/","title":{"rendered":"Notre travail avec le monde universitaire"},"content":{"rendered":"<div data-elementor-type=\"wp-page\" data-elementor-id=\"1779\" class=\"elementor elementor-1779\" data-elementor-post-type=\"page\">\n\t\t\t\t<div class=\"elementor-element elementor-element-5097343 e-con-full e-flex e-con e-parent\" data-id=\"5097343\" data-element_type=\"container\">\n\t\t<div class=\"elementor-element elementor-element-62cb8e0 e-con-full e-flex e-con e-child\" data-id=\"62cb8e0\" data-element_type=\"container\">\n\t\t\t\t<div class=\"elementor-element elementor-element-31e3940 elementor-widget elementor-widget-heading\" data-id=\"31e3940\" data-element_type=\"widget\" data-widget_type=\"heading.default\">\n\t\t\t\t<div class=\"elementor-widget-container\">\n\t\t\t\t\t<h1 class=\"elementor-heading-title elementor-size-default\">Notre travail avec le monde universitaire<\/h1>\t\t\t\t<\/div>\n\t\t\t\t<\/div>\n\t\t\t\t<div class=\"elementor-element elementor-element-65f73c6 elementor-widget elementor-widget-text-editor\" data-id=\"65f73c6\" data-element_type=\"widget\" data-widget_type=\"text-editor.default\">\n\t\t\t\t<div class=\"elementor-widget-container\">\n\t\t\t\t\t\t\t\t\t<p>Chez Beyond, nous combinons l'expertise technologique avec la recherche de pointe en mati\u00e8re de durabilit\u00e9 des entreprises et de comptabilit\u00e9 de la durabilit\u00e9 pour comprendre et anticiper les d\u00e9veloppements r\u00e9glementaires et aider les entreprises \u00e0 structurer leurs rapports de durabilit\u00e9 de la mani\u00e8re la plus efficace possible.<\/p><p>Notre engagement en faveur de la recherche, notamment par le biais de notre collaboration avec <a href=\"https:\/\/e4s.center\/\"><u><strong>E4S (Enterprise for Society Center)<\/strong><\/u><\/a>L'exp\u00e9rience de nos partenaires, l'EPFL, l'IMD et HEC Lausanne, nous permet de d\u00e9velopper des solutions align\u00e9es sur les meilleures pratiques et sur les r\u00e9glementations ESG en constante \u00e9volution.<\/p>\t\t\t\t\t\t\t\t<\/div>\n\t\t\t\t<\/div>\n\t\t\t\t<\/div>\n\t\t<div class=\"elementor-element elementor-element-ec9cc37 e-con-full e-flex e-con e-child\" data-id=\"ec9cc37\" data-element_type=\"container\" data-settings=\"{&quot;background_background&quot;:&quot;classic&quot;}\">\n\t\t\t\t<\/div>\n\t\t\t\t<\/div>\n\t\t<div class=\"elementor-element elementor-element-689b1da1 e-flex e-con-boxed e-con e-parent\" data-id=\"689b1da1\" data-element_type=\"container\" data-settings=\"{&quot;background_background&quot;:&quot;classic&quot;}\">\n\t\t\t\t\t<div class=\"e-con-inner\">\n\t\t<div class=\"elementor-element elementor-element-7cd77454 e-con-full e-flex e-con e-child\" data-id=\"7cd77454\" data-element_type=\"container\" data-settings=\"{&quot;background_background&quot;:&quot;classic&quot;}\">\n\t\t\t\t<div class=\"elementor-element elementor-element-5284bd63 elementor-widget elementor-widget-image-box\" data-id=\"5284bd63\" data-element_type=\"widget\" data-widget_type=\"image-box.default\">\n\t\t\t\t<div class=\"elementor-widget-container\">\n\t\t\t\t\t<div class=\"elementor-image-box-wrapper\"><div class=\"elementor-image-box-content\"><h4 class=\"elementor-image-box-title\"><a href=\"https:\/\/www.beyond-csrd.com\/fr\/navigating-csrd-a-comprehensive-guide-for-swiss-smes-in-the-new-era-of-sustainability-reporting\/\">Pr\u00e9paration des PME au CSRD<\/a><\/h4><p class=\"elementor-image-box-description\">\u00c9valuer comment les petites et moyennes entreprises se pr\u00e9parent aux exigences du CSRD.\n\n<br><br>\n\n<a href=\"https:\/\/www.beyond-csrd.com\/fr\/navigating-csrd-a-comprehensive-guide-for-swiss-smes-in-the-new-era-of-sustainability-reporting\/\">En savoir plus<\/a>\n<\/p><\/div><\/div>\t\t\t\t<\/div>\n\t\t\t\t<\/div>\n\t\t\t\t<div class=\"elementor-element elementor-element-335dda2f elementor-widget elementor-widget-image-box\" data-id=\"335dda2f\" data-element_type=\"widget\" data-widget_type=\"image-box.default\">\n\t\t\t\t<div class=\"elementor-widget-container\">\n\t\t\t\t\t<div class=\"elementor-image-box-wrapper\"><div class=\"elementor-image-box-content\"><h4 class=\"elementor-image-box-title\">Int\u00e9grer le d\u00e9veloppement durable dans les activit\u00e9s de base<\/h4><p class=\"elementor-image-box-description\">Examiner comment les entreprises int\u00e8grent le d\u00e9veloppement durable dans les mod\u00e8les d'entreprise et la gouvernance.\n\n<br><br>\n\n<a href=\"https:\/\/www.sciencedirect.com\/science\/article\/pii\/S0959652617310764?via%3Dihub\">En savoir plus<\/a>\n<\/p><\/div><\/div>\t\t\t\t<\/div>\n\t\t\t\t<\/div>\n\t\t\t\t<div class=\"elementor-element elementor-element-7ddc2d21 elementor-widget elementor-widget-image-box\" data-id=\"7ddc2d21\" data-element_type=\"widget\" data-widget_type=\"image-box.default\">\n\t\t\t\t<div class=\"elementor-widget-container\">\n\t\t\t\t\t<div class=\"elementor-image-box-wrapper\"><div class=\"elementor-image-box-content\"><h4 class=\"elementor-image-box-title\">Double \u00e9valuation de la mat\u00e9rialit\u00e9 (DMA)<\/h4><p class=\"elementor-image-box-description\">Comprendre le lien avec la gestion des risques de l'entreprise, l'\u00e9laboration de strat\u00e9gies et l'engagement des parties prenantes afin de mieux comprendre la pertinence strat\u00e9gique de la DMA et de l'analyse des risques climatiques en g\u00e9n\u00e9ral.<\/p><\/div><\/div>\t\t\t\t<\/div>\n\t\t\t\t<\/div>\n\t\t\t\t<div class=\"elementor-element elementor-element-b238625 elementor-widget elementor-widget-image-box\" data-id=\"b238625\" data-element_type=\"widget\" data-widget_type=\"image-box.default\">\n\t\t\t\t<div class=\"elementor-widget-container\">\n\t\t\t\t\t<div class=\"elementor-image-box-wrapper\"><div class=\"elementor-image-box-content\"><h4 class=\"elementor-image-box-title\">Projets \u00e9tudiants et d\u00e9veloppement des talents<\/h4><p class=\"elementor-image-box-description\">Soutenir les initiatives de recherche qui forment les futurs professionnels, renforcent l'enseignement du d\u00e9veloppement durable et attirent de nouveaux talents dans le domaine de l'ESG et du d\u00e9veloppement durable des entreprises.\n\n<\/p><\/div><\/div>\t\t\t\t<\/div>\n\t\t\t\t<\/div>\n\t\t\t\t<\/div>\n\t\t<div class=\"elementor-element elementor-element-6e996039 e-con-full e-flex e-con e-child\" data-id=\"6e996039\" data-element_type=\"container\">\n\t\t\t\t<div class=\"elementor-element elementor-element-36873c89 elementor-widget elementor-widget-heading\" data-id=\"36873c89\" data-element_type=\"widget\" data-widget_type=\"heading.default\">\n\t\t\t\t<div class=\"elementor-widget-container\">\n\t\t\t\t\t<h2 class=\"elementor-heading-title elementor-size-default\">Principaux domaines de recherche<\/h2>\t\t\t\t<\/div>\n\t\t\t\t<\/div>\n\t\t\t\t<div class=\"elementor-element elementor-element-3f2a0c5e elementor-widget elementor-widget-text-editor\" data-id=\"3f2a0c5e\" data-element_type=\"widget\" data-widget_type=\"text-editor.default\">\n\t\t\t\t<div class=\"elementor-widget-container\">\n\t\t\t\t\t\t\t\t\t<p>Nous travaillons en \u00e9troite collaboration avec E4S et, par le pass\u00e9, avec d'autres institutions universitaires europ\u00e9ennes de premier plan afin d'explorer les principaux d\u00e9fis li\u00e9s \u00e0 la durabilit\u00e9 des entreprises, au CSRD, \u00e0 l'ESG et aux mod\u00e8les d'entreprise durables.<\/p><p>Notre collaboration avec la recherche se concentre sur plusieurs domaines.<\/p>\t\t\t\t\t\t\t\t<\/div>\n\t\t\t\t<\/div>\n\t\t\t\t<\/div>\n\t\t\t\t\t<\/div>\n\t\t\t\t<\/div>\n\t\t<div class=\"elementor-element elementor-element-62a6aed e-flex e-con-boxed e-con e-parent\" data-id=\"62a6aed\" data-element_type=\"container\">\n\t\t\t\t\t<div class=\"e-con-inner\">\n\t\t<div class=\"elementor-element elementor-element-b819dde e-con-full e-flex e-con e-child\" data-id=\"b819dde\" data-element_type=\"container\">\n\t\t\t\t<div class=\"elementor-element elementor-element-4d89d6e elementor-widget elementor-widget-text-editor\" data-id=\"4d89d6e\" data-element_type=\"widget\" data-widget_type=\"text-editor.default\">\n\t\t\t\t<div class=\"elementor-widget-container\">\n\t\t\t\t\t\t\t\t\t<h4>Pourquoi la collaboration avec le monde universitaire est-elle importante ?<\/h4><p>Le paysage r\u00e9glementaire en mati\u00e8re de d\u00e9veloppement durable \u00e9volue rapidement. Gr\u00e2ce \u00e0 la recherche et \u00e0 la collaboration avec les meilleures institutions acad\u00e9miques, nous nous assurons que nos clients b\u00e9n\u00e9ficient de solutions qui sont toujours align\u00e9es sur les derni\u00e8res exigences r\u00e9glementaires et les meilleures pratiques de l'industrie en mati\u00e8re de rapports ESG. De plus, nous utilisons nos connaissances pour vous guider afin que vous puissiez aller droit au but et \u00e9viter de perdre trop de temps sur des \u00e9l\u00e9ments inutiles et des t\u00e2ches superflues.<\/p><p>Chez Beyond, nous ne nous contentons pas de suivre l'\u00e9volution du paysage, nous contribuons activement \u00e0 sa compr\u00e9hension et \u00e0 son application.<\/p><p><strong>\ud83d\udca1 Les organisations int\u00e9ress\u00e9es par des projets de recherche conjoints peuvent contacter Beyond pour envisager des collaborations sur mesure.<\/strong><\/p>\t\t\t\t\t\t\t\t<\/div>\n\t\t\t\t<\/div>\n\t\t\t\t<div class=\"elementor-element elementor-element-5ee933a elementor-align-center elementor-widget-mobile__width-inherit elementor-invisible elementor-widget elementor-widget-button\" data-id=\"5ee933a\" data-element_type=\"widget\" data-settings=\"{&quot;_animation&quot;:&quot;fadeInDown&quot;}\" data-widget_type=\"button.default\">\n\t\t\t\t<div class=\"elementor-widget-container\">\n\t\t\t\t\t\t\t\t\t<div class=\"elementor-button-wrapper\">\n\t\t\t\t\t<a class=\"elementor-button elementor-button-link elementor-size-sm\" href=\"https:\/\/www.beyond-csrd.com\/fr\/contact\/\">\n\t\t\t\t\t\t<span class=\"elementor-button-content-wrapper\">\n\t\t\t\t\t\t\t\t\t<span class=\"elementor-button-text\">Contactez-Nous<\/span>\n\t\t\t\t\t<\/span>\n\t\t\t\t\t<\/a>\n\t\t\t\t<\/div>\n\t\t\t\t\t\t\t\t<\/div>\n\t\t\t\t<\/div>\n\t\t\t\t<\/div>\n\t\t\t\t\t<\/div>\n\t\t\t\t<\/div>\n\t\t<div class=\"elementor-element elementor-element-6d50bc74 e-flex e-con-boxed e-con e-parent\" data-id=\"6d50bc74\" data-element_type=\"container\" data-settings=\"{&quot;background_background&quot;:&quot;classic&quot;}\">\n\t\t\t\t\t<div class=\"e-con-inner\">\n\t\t\t\t<div class=\"elementor-element elementor-element-447f589b elementor-widget elementor-widget-heading\" data-id=\"447f589b\" data-element_type=\"widget\" data-widget_type=\"heading.default\">\n\t\t\t\t<div class=\"elementor-widget-container\">\n\t\t\t\t\t<h2 class=\"elementor-heading-title elementor-size-default\">Partenariats universitaires<\/h2>\t\t\t\t<\/div>\n\t\t\t\t<\/div>\n\t\t\t\t<div class=\"elementor-element elementor-element-7d2e92ba elementor-widget elementor-widget-text-editor\" data-id=\"7d2e92ba\" data-element_type=\"widget\" data-widget_type=\"text-editor.default\">\n\t\t\t\t<div class=\"elementor-widget-container\">\n\t\t\t\t\t\t\t\t\t<p data-start=\"428\" data-end=\"693\">Notre \u00e9quipe a travaill\u00e9 avec des institutions de premier plan telles que E4S, EPFL, IMD, HEC Lausanne, CSM, Leuphana et TU Delft. Ces partenariats font le lien entre les besoins des entreprises et la recherche universitaire de pointe, favorisant ainsi des solutions align\u00e9es sur les meilleures pratiques et les r\u00e9glementations ESG en constante \u00e9volution.<\/p><p data-start=\"695\" data-end=\"772\">\u00a0<\/p>\t\t\t\t\t\t\t\t<\/div>\n\t\t\t\t<\/div>\n\t\t\t\t<div class=\"elementor-element elementor-element-56a366e2 elementor-widget elementor-widget-image-carousel\" data-id=\"56a366e2\" data-element_type=\"widget\" data-settings=\"{&quot;slides_to_show&quot;:&quot;6&quot;,&quot;slides_to_show_tablet&quot;:&quot;4&quot;,&quot;navigation&quot;:&quot;none&quot;,&quot;pause_on_hover&quot;:&quot;no&quot;,&quot;pause_on_interaction&quot;:&quot;no&quot;,&quot;image_spacing_custom&quot;:{&quot;unit&quot;:&quot;px&quot;,&quot;size&quot;:&quot;55&quot;,&quot;sizes&quot;:[]},&quot;slides_to_scroll_tablet&quot;:&quot;1&quot;,&quot;autoplay&quot;:&quot;yes&quot;,&quot;autoplay_speed&quot;:5000,&quot;infinite&quot;:&quot;yes&quot;,&quot;speed&quot;:500,&quot;image_spacing_custom_tablet&quot;:{&quot;unit&quot;:&quot;px&quot;,&quot;size&quot;:&quot;&quot;,&quot;sizes&quot;:[]},&quot;image_spacing_custom_mobile&quot;:{&quot;unit&quot;:&quot;px&quot;,&quot;size&quot;:&quot;&quot;,&quot;sizes&quot;:[]}}\" data-widget_type=\"image-carousel.default\">\n\t\t\t\t<div class=\"elementor-widget-container\">\n\t\t\t\t\t\t\t<div class=\"elementor-image-carousel-wrapper swiper\" role=\"region\" aria-roledescription=\"carousel\" aria-label=\"Carrousel d&#039;images\" dir=\"ltr\">\n\t\t\t<div class=\"elementor-image-carousel swiper-wrapper\" aria-live=\"off\">\n\t\t\t\t\t\t\t\t<div class=\"swiper-slide\" role=\"group\" aria-roledescription=\"slide\" aria-label=\"1 von 7\" data-no-translation-aria-label=\"\"><figure class=\"swiper-slide-inner\"><img decoding=\"async\" class=\"swiper-slide-image\" src=\"https:\/\/www.beyond-csrd.com\/wp-content\/uploads\/2025\/06\/Logo-EPFL-2019-e1749049024797.png\" alt=\"EPFL\" \/><\/figure><\/div><div class=\"swiper-slide\" role=\"group\" aria-roledescription=\"slide\" aria-label=\"2 von 7\" data-no-translation-aria-label=\"\"><figure class=\"swiper-slide-inner\"><img decoding=\"async\" class=\"swiper-slide-image\" src=\"https:\/\/www.beyond-csrd.com\/wp-content\/uploads\/2025\/06\/Logo-IMD-bleu-e1749049043516.jpg\" alt=\"IMD\" \/><\/figure><\/div><div class=\"swiper-slide\" role=\"group\" aria-roledescription=\"slide\" aria-label=\"3 von 7\" data-no-translation-aria-label=\"\"><figure class=\"swiper-slide-inner\"><img decoding=\"async\" class=\"swiper-slide-image\" src=\"https:\/\/www.beyond-csrd.com\/wp-content\/uploads\/2025\/06\/unil-e1749049059232.png\" alt=\"Unil HEC\" \/><\/figure><\/div><div class=\"swiper-slide\" role=\"group\" aria-roledescription=\"slide\" aria-label=\"4 von 7\" data-no-translation-aria-label=\"\"><figure class=\"swiper-slide-inner\"><img decoding=\"async\" class=\"swiper-slide-image\" src=\"https:\/\/www.beyond-csrd.com\/wp-content\/uploads\/2025\/06\/e4s-logo.png\" alt=\"E4S\" \/><\/figure><\/div><div class=\"swiper-slide\" role=\"group\" aria-roledescription=\"slide\" aria-label=\"5 von 7\" data-no-translation-aria-label=\"\"><figure class=\"swiper-slide-inner\"><img decoding=\"async\" class=\"swiper-slide-image\" src=\"https:\/\/www.beyond-csrd.com\/wp-content\/uploads\/2025\/08\/csm.png\" alt=\"csm logo\" \/><\/figure><\/div><div class=\"swiper-slide\" role=\"group\" aria-roledescription=\"slide\" aria-label=\"6 von 7\" data-no-translation-aria-label=\"\"><figure class=\"swiper-slide-inner\"><img decoding=\"async\" class=\"swiper-slide-image\" src=\"https:\/\/www.beyond-csrd.com\/wp-content\/uploads\/2025\/08\/leuphana_logo.png\" alt=\"leuphana logo\" \/><\/figure><\/div><div class=\"swiper-slide\" role=\"group\" aria-roledescription=\"slide\" aria-label=\"7 von 7\" data-no-translation-aria-label=\"\"><figure class=\"swiper-slide-inner\"><img decoding=\"async\" class=\"swiper-slide-image\" src=\"https:\/\/www.beyond-csrd.com\/wp-content\/uploads\/2025\/08\/TUDelft_logo_black.png\" alt=\"TU Delft logo\" \/><\/figure><\/div>\t\t\t<\/div>\n\t\t\t\t\t\t\t\n\t\t\t\t\t\t\t\t\t<\/div>\n\t\t\t\t\t\t<\/div>\n\t\t\t\t<\/div>\n\t\t\t\t\t<\/div>\n\t\t\t\t<\/div>\n\t\t\t\t<\/div>","protected":false},"excerpt":{"rendered":"<p>Notre travail avec le monde acad\u00e9mique Chez Beyond, nous combinons l'expertise technologique avec la recherche de pointe en mati\u00e8re de durabilit\u00e9 des entreprises et de comptabilit\u00e9 de durabilit\u00e9 afin de comprendre et d'anticiper les d\u00e9veloppements r\u00e9glementaires et d'aider les entreprises \u00e0 structurer leurs rapports de durabilit\u00e9 de la mani\u00e8re la plus efficace possible. Notre engagement dans la recherche, en particulier \u00e0 travers notre collaboration avec E4S (Enterprise for Society Center), l'EPFL, l'IMD et HEC [...]<\/p>","protected":false},"author":1,"featured_media":0,"parent":0,"menu_order":0,"comment_status":"closed","ping_status":"closed","template":"","meta":{"footnotes":""},"class_list":["post-1779","page","type-page","status-publish","hentry"],"yoast_head":"<!-- This site is optimized with the Yoast SEO plugin v25.8 - https:\/\/yoast.com\/wordpress\/plugins\/seo\/ -->\n<title>Our Work with Academia\u200b - Beyond-CSRD<\/title>\n<meta name=\"robots\" content=\"index, follow, max-snippet:-1, max-image-preview:large, max-video-preview:-1\" \/>\n<link rel=\"canonical\" href=\"https:\/\/www.beyond-csrd.com\/fr\/research-innovation\/\" \/>\n<meta property=\"og:locale\" content=\"fr_FR\" \/>\n<meta property=\"og:type\" content=\"article\" \/>\n<meta property=\"og:title\" content=\"Our Work with Academia\u200b - Beyond-CSRD\" \/>\n<meta property=\"og:description\" content=\"Our Work with Academia At Beyond, we combine technological expertise with state-of-the-art research in corporate sustainability and sustainability accounting to understand and anticipate regulatory developments and help businesses structure their sustainability reporting in the most effective way. Our commitment to research, particularly through our collaboration with E4S (Enterprise for Society Center), EPFL, IMD, and HEC [&hellip;]\" \/>\n<meta property=\"og:url\" content=\"https:\/\/www.beyond-csrd.com\/fr\/research-innovation\/\" \/>\n<meta property=\"og:site_name\" content=\"Beyond-CSRD\" \/>\n<meta property=\"article:modified_time\" content=\"2025-08-27T13:54:17+00:00\" \/>\n<meta property=\"og:image\" content=\"https:\/\/www.beyond-csrd.com\/wp-content\/uploads\/2025\/06\/Logo-EPFL-2019-e1749049024797.png\" \/>\n<meta name=\"twitter:card\" content=\"summary_large_image\" \/>\n<meta name=\"twitter:label1\" content=\"Dur\u00e9e de lecture estim\u00e9e\" \/>\n\t<meta name=\"twitter:data1\" content=\"6 minutes\" \/>\n<script type=\"application\/ld+json\" class=\"yoast-schema-graph\">{\"@context\":\"https:\/\/schema.org\",\"@graph\":[{\"@type\":\"WebPage\",\"@id\":\"https:\/\/www.beyond-csrd.com\/research-innovation\/\",\"url\":\"https:\/\/www.beyond-csrd.com\/research-innovation\/\",\"name\":\"Our Work with Academia\u200b - Beyond-CSRD\",\"isPartOf\":{\"@id\":\"https:\/\/www.beyond-csrd.com\/#website\"},\"primaryImageOfPage\":{\"@id\":\"https:\/\/www.beyond-csrd.com\/research-innovation\/#primaryimage\"},\"image\":{\"@id\":\"https:\/\/www.beyond-csrd.com\/research-innovation\/#primaryimage\"},\"thumbnailUrl\":\"https:\/\/www.beyond-csrd.com\/wp-content\/uploads\/2025\/06\/Logo-EPFL-2019-e1749049024797.png\",\"datePublished\":\"2025-02-12T11:50:32+00:00\",\"dateModified\":\"2025-08-27T13:54:17+00:00\",\"breadcrumb\":{\"@id\":\"https:\/\/www.beyond-csrd.com\/research-innovation\/#breadcrumb\"},\"inLanguage\":\"fr-FR\",\"potentialAction\":[{\"@type\":\"ReadAction\",\"target\":[\"https:\/\/www.beyond-csrd.com\/research-innovation\/\"]}]},{\"@type\":\"ImageObject\",\"inLanguage\":\"fr-FR\",\"@id\":\"https:\/\/www.beyond-csrd.com\/research-innovation\/#primaryimage\",\"url\":\"https:\/\/www.beyond-csrd.com\/wp-content\/uploads\/2025\/06\/Logo-EPFL-2019-e1749049024797.png\",\"contentUrl\":\"https:\/\/www.beyond-csrd.com\/wp-content\/uploads\/2025\/06\/Logo-EPFL-2019-e1749049024797.png\"},{\"@type\":\"BreadcrumbList\",\"@id\":\"https:\/\/www.beyond-csrd.com\/research-innovation\/#breadcrumb\",\"itemListElement\":[{\"@type\":\"ListItem\",\"position\":1,\"name\":\"Home\",\"item\":\"https:\/\/www.beyond-csrd.com\/\"},{\"@type\":\"ListItem\",\"position\":2,\"name\":\"Our Work with Academia\u200b\"}]},{\"@type\":\"WebSite\",\"@id\":\"https:\/\/www.beyond-csrd.com\/#website\",\"url\":\"https:\/\/www.beyond-csrd.com\/\",\"name\":\"Beyond-CSRD\",\"description\":\"Provider of solutions to simplify CSRD reporting process.\",\"publisher\":{\"@id\":\"https:\/\/www.beyond-csrd.com\/#organization\"},\"potentialAction\":[{\"@type\":\"SearchAction\",\"target\":{\"@type\":\"EntryPoint\",\"urlTemplate\":\"https:\/\/www.beyond-csrd.com\/?s={search_term_string}\"},\"query-input\":{\"@type\":\"PropertyValueSpecification\",\"valueRequired\":true,\"valueName\":\"search_term_string\"}}],\"inLanguage\":\"fr-FR\"},{\"@type\":\"Organization\",\"@id\":\"https:\/\/www.beyond-csrd.com\/#organization\",\"name\":\"Beyond-CSRD\",\"url\":\"https:\/\/www.beyond-csrd.com\/\",\"logo\":{\"@type\":\"ImageObject\",\"inLanguage\":\"fr-FR\",\"@id\":\"https:\/\/www.beyond-csrd.com\/#\/schema\/logo\/image\/\",\"url\":\"https:\/\/www.beyond-csrd.com\/wp-content\/uploads\/2024\/12\/BS_CLAIM_LOGO__POS_PMS_COUL.png\",\"contentUrl\":\"https:\/\/www.beyond-csrd.com\/wp-content\/uploads\/2024\/12\/BS_CLAIM_LOGO__POS_PMS_COUL.png\",\"width\":2520,\"height\":1016,\"caption\":\"Beyond-CSRD\"},\"image\":{\"@id\":\"https:\/\/www.beyond-csrd.com\/#\/schema\/logo\/image\/\"},\"sameAs\":[\"https:\/\/www.linkedin.com\/company\/beyondstrategy-consulting\/\"]}]}<\/script>\n<!-- \/ Yoast SEO plugin. -->","yoast_head_json":{"title":"Notre travail avec le monde universitaire - Beyond-CSRD","robots":{"index":"index","follow":"follow","max-snippet":"max-snippet:-1","max-image-preview":"max-image-preview:large","max-video-preview":"max-video-preview:-1"},"canonical":"https:\/\/www.beyond-csrd.com\/fr\/research-innovation\/","og_locale":"fr_FR","og_type":"article","og_title":"Our Work with Academia\u200b - Beyond-CSRD","og_description":"Our Work with Academia At Beyond, we combine technological expertise with state-of-the-art research in corporate sustainability and sustainability accounting to understand and anticipate regulatory developments and help businesses structure their sustainability reporting in the most effective way. Our commitment to research, particularly through our collaboration with E4S (Enterprise for Society Center), EPFL, IMD, and HEC [&hellip;]","og_url":"https:\/\/www.beyond-csrd.com\/fr\/research-innovation\/","og_site_name":"Beyond-CSRD","article_modified_time":"2025-08-27T13:54:17+00:00","og_image":[{"url":"https:\/\/www.beyond-csrd.com\/wp-content\/uploads\/2025\/06\/Logo-EPFL-2019-e1749049024797.png","type":"","width":"","height":""}],"twitter_card":"summary_large_image","twitter_misc":{"Dur\u00e9e de lecture estim\u00e9e":"6 minutes"},"schema":{"@context":"https:\/\/schema.org","@graph":[{"@type":"WebPage","@id":"https:\/\/www.beyond-csrd.com\/research-innovation\/","url":"https:\/\/www.beyond-csrd.com\/research-innovation\/","name":"Notre travail avec le monde universitaire - Beyond-CSRD","isPartOf":{"@id":"https:\/\/www.beyond-csrd.com\/#website"},"primaryImageOfPage":{"@id":"https:\/\/www.beyond-csrd.com\/research-innovation\/#primaryimage"},"image":{"@id":"https:\/\/www.beyond-csrd.com\/research-innovation\/#primaryimage"},"thumbnailUrl":"https:\/\/www.beyond-csrd.com\/wp-content\/uploads\/2025\/06\/Logo-EPFL-2019-e1749049024797.png","datePublished":"2025-02-12T11:50:32+00:00","dateModified":"2025-08-27T13:54:17+00:00","breadcrumb":{"@id":"https:\/\/www.beyond-csrd.com\/research-innovation\/#breadcrumb"},"inLanguage":"fr-FR","potentialAction":[{"@type":"ReadAction","target":["https:\/\/www.beyond-csrd.com\/research-innovation\/"]}]},{"@type":"ImageObject","inLanguage":"fr-FR","@id":"https:\/\/www.beyond-csrd.com\/research-innovation\/#primaryimage","url":"https:\/\/www.beyond-csrd.com\/wp-content\/uploads\/2025\/06\/Logo-EPFL-2019-e1749049024797.png","contentUrl":"https:\/\/www.beyond-csrd.com\/wp-content\/uploads\/2025\/06\/Logo-EPFL-2019-e1749049024797.png"},{"@type":"BreadcrumbList","@id":"https:\/\/www.beyond-csrd.com\/research-innovation\/#breadcrumb","itemListElement":[{"@type":"ListItem","position":1,"name":"Home","item":"https:\/\/www.beyond-csrd.com\/"},{"@type":"ListItem","position":2,"name":"Our Work with Academia\u200b"}]},{"@type":"WebSite","@id":"https:\/\/www.beyond-csrd.com\/#website","url":"https:\/\/www.beyond-csrd.com\/","name":"Au-del\u00e0 de la CRDS","description":"Fournisseur de solutions visant \u00e0 simplifier le processus de d\u00e9claration au CSRD.","publisher":{"@id":"https:\/\/www.beyond-csrd.com\/#organization"},"potentialAction":[{"@type":"SearchAction","target":{"@type":"EntryPoint","urlTemplate":"https:\/\/www.beyond-csrd.com\/?s={search_term_string}"},"query-input":{"@type":"PropertyValueSpecification","valueRequired":true,"valueName":"search_term_string"}}],"inLanguage":"fr-FR"},{"@type":"Organization","@id":"https:\/\/www.beyond-csrd.com\/#organization","name":"Au-del\u00e0 de la CRDS","url":"https:\/\/www.beyond-csrd.com\/","logo":{"@type":"ImageObject","inLanguage":"fr-FR","@id":"https:\/\/www.beyond-csrd.com\/#\/schema\/logo\/image\/","url":"https:\/\/www.beyond-csrd.com\/wp-content\/uploads\/2024\/12\/BS_CLAIM_LOGO__POS_PMS_COUL.png","contentUrl":"https:\/\/www.beyond-csrd.com\/wp-content\/uploads\/2024\/12\/BS_CLAIM_LOGO__POS_PMS_COUL.png","width":2520,"height":1016,"caption":"Beyond-CSRD"},"image":{"@id":"https:\/\/www.beyond-csrd.com\/#\/schema\/logo\/image\/"},"sameAs":["https:\/\/www.linkedin.com\/company\/beyondstrategy-consulting\/"]}]}},"_links":{"self":[{"href":"https:\/\/www.beyond-csrd.com\/fr\/wp-json\/wp\/v2\/pages\/1779","targetHints":{"allow":["GET"]}}],"collection":[{"href":"https:\/\/www.beyond-csrd.com\/fr\/wp-json\/wp\/v2\/pages"}],"about":[{"href":"https:\/\/www.beyond-csrd.com\/fr\/wp-json\/wp\/v2\/types\/page"}],"author":[{"embeddable":true,"href":"https:\/\/www.beyond-csrd.com\/fr\/wp-json\/wp\/v2\/users\/1"}],"replies":[{"embeddable":true,"href":"https:\/\/www.beyond-csrd.com\/fr\/wp-json\/wp\/v2\/comments?post=1779"}],"version-history":[{"count":91,"href":"https:\/\/www.beyond-csrd.com\/fr\/wp-json\/wp\/v2\/pages\/1779\/revisions"}],"predecessor-version":[{"id":3438,"href":"https:\/\/www.beyond-csrd.com\/fr\/wp-json\/wp\/v2\/pages\/1779\/revisions\/3438"}],"wp:attachment":[{"href":"https:\/\/www.beyond-csrd.com\/fr\/wp-json\/wp\/v2\/media?parent=1779"}],"curies":[{"name":"wp","href":"https:\/\/api.w.org\/{rel}","templated":true}]}}