{"id":3,"date":"2024-12-19T13:47:02","date_gmt":"2024-12-19T13:47:02","guid":{"rendered":"http:\/\/beyond-csrd.com\/?page_id=3"},"modified":"2025-08-13T14:07:43","modified_gmt":"2025-08-13T13:07:43","slug":"privacy-policy","status":"publish","type":"page","link":"https:\/\/www.beyond-csrd.com\/de\/privacy-policy\/","title":{"rendered":"Datenschutzbestimmungen"},"content":{"rendered":"<div data-elementor-type=\"wp-page\" data-elementor-id=\"3\" class=\"elementor elementor-3\" data-elementor-post-type=\"page\">\n\t\t\t\t<div class=\"elementor-element elementor-element-4134b428 e-flex e-con-boxed e-con e-parent\" data-id=\"4134b428\" data-element_type=\"container\">\n\t\t\t\t\t<div class=\"e-con-inner\">\n\t\t\t\t<div class=\"elementor-element elementor-element-f3379bd elementor-widget elementor-widget-heading\" data-id=\"f3379bd\" data-element_type=\"widget\" data-widget_type=\"heading.default\">\n\t\t\t\t<div class=\"elementor-widget-container\">\n\t\t\t\t\t<h2 class=\"elementor-heading-title elementor-size-default\">Datenschutzbestimmungen<\/h2>\t\t\t\t<\/div>\n\t\t\t\t<\/div>\n\t\t\t\t<div class=\"elementor-element elementor-element-1766a65e elementor-widget elementor-widget-text-editor\" data-id=\"1766a65e\" data-element_type=\"widget\" data-widget_type=\"text-editor.default\">\n\t\t\t\t<div class=\"elementor-widget-container\">\n\t\t\t\t\t\t\t\t\t\n<p data-start=\"327\" data-end=\"529\"><strong data-start=\"327\" data-end=\"344\">Zuletzt aktualisiert:<\/strong> 13. August 2025<br data-start=\"359\" data-end=\"362\" \/><strong data-start=\"362\" data-end=\"377\">Controller:<\/strong> Beyond Strategy SA (\"Beyond-CSRD\"), Rue de Bourg 27, 1003 Lausanne, Schweiz<br data-start=\"452\" data-end=\"455\" \/><strong data-start=\"455\" data-end=\"475\">Kontakt zum Datenschutz:<\/strong> csrd-service@beyond.ch<\/p>\n<h2 class=\"wp-block-heading\" data-start=\"531\" data-end=\"557\">Welche Daten werden gesammelt?<\/h2>\n<ul data-start=\"558\" data-end=\"889\">\n<li data-start=\"558\" data-end=\"622\">\n<p data-start=\"560\" data-end=\"622\"><strong data-start=\"560\" data-end=\"580\">Kontaktinformationen:<\/strong> Name, Arbeits-E-Mail, Telefon, Unternehmen, Funktion.<\/p>\n<\/li>\n<li data-start=\"623\" data-end=\"717\">\n<p data-start=\"625\" data-end=\"717\"><strong data-start=\"625\" data-end=\"646\">Gesch\u00e4ftlicher Kontext:<\/strong> Nachrichten, Besprechungs-\/Demoanfragen, Notizen, die zur Erbringung von Dienstleistungen erforderlich sind.<\/p>\n<\/li>\n<li data-start=\"718\" data-end=\"823\">\n<p data-start=\"720\" data-end=\"823\"><strong data-start=\"720\" data-end=\"735\">Verwendungsdaten:<\/strong> IP-Adresse, Zeitstempel, betrachtete Seiten, Ger\u00e4te-\/Browserinformationen und Cookies.<\/p>\n<\/li>\n<li data-start=\"824\" data-end=\"889\">\n<p data-start=\"826\" data-end=\"889\"><strong data-start=\"826\" data-end=\"858\">Rekrutierung (falls zutreffend):<\/strong> Lebenslauf und Gespr\u00e4chsnotizen.<\/p>\n<\/li>\n<\/ul>\n<h2 data-start=\"891\" data-end=\"916\">Warum werden Daten verarbeitet?<\/h2>\n<ul data-start=\"917\" data-end=\"1384\">\n<li data-start=\"917\" data-end=\"1020\">\n<p data-start=\"919\" data-end=\"1020\"><strong data-start=\"919\" data-end=\"944\">Service-Interaktionen:<\/strong> Beantwortung von Anfragen, Planung von Demos, Vorschl\u00e4gen und Kundenbetreuung.<\/p>\n<\/li>\n<li data-start=\"1021\" data-end=\"1155\">\n<p data-start=\"1023\" data-end=\"1155\"><strong data-start=\"1023\" data-end=\"1059\">Betrieb und Verbesserung der Website:<\/strong> Sicherheit, Leistung und Publikumsmessung (Analysen nur mit Zustimmung, sofern erforderlich).<\/p>\n<\/li>\n<li data-start=\"1156\" data-end=\"1384\">\n<p data-start=\"1158\" data-end=\"1384\"><strong data-start=\"1158\" data-end=\"1179\">Aktualisierungen und Ereignisse:<\/strong> Newsletters oder Einladungen <strong data-start=\"1207\" data-end=\"1229\">mit vorheriger Zustimmung<\/strong> (Abmeldung jederzeit m\u00f6glich).<br data-start=\"1262\" data-end=\"1265\" \/><strong data-start=\"1265\" data-end=\"1281\">Rechtsgrundlagen:<\/strong> vertragliche Notwendigkeit, berechtigte Interessen (in Abw\u00e4gung mit den Rechten) und Zustimmung, wenn dies gesetzlich vorgeschrieben ist.<\/p>\n<\/li>\n<\/ul>\n<h2 data-start=\"1386\" data-end=\"1419\">Prozessoren und Werkzeuge (kurz und b\u00fcndig)<\/h2>\n<ul data-start=\"1420\" data-end=\"2042\">\n<li data-start=\"1420\" data-end=\"1502\">\n<p data-start=\"1422\" data-end=\"1502\"><strong data-start=\"1422\" data-end=\"1451\">Hosting und Infrastruktur:<\/strong> <strong data-start=\"1452\" data-end=\"1466\">Infomaniak<\/strong> (Server in der Schweiz).<\/p>\n<\/li>\n<li data-start=\"1503\" data-end=\"1804\">\n<p data-start=\"1505\" data-end=\"1804\"><strong data-start=\"1505\" data-end=\"1534\">CMS &amp; Website-Funktionalit\u00e4t:<\/strong> <strong data-start=\"1535\" data-end=\"1553\">WordPress-Kern<\/strong>, <strong data-start=\"1555\" data-end=\"1572\">Elementor Pro<\/strong> (Seitenrendering\/Layout), <strong data-start=\"1598\" data-end=\"1611\">Yoast SEO<\/strong> (Metadaten\/SEO), <strong data-start=\"1628\" data-end=\"1641\">WP R\u00fcstung<\/strong> (Sicherheit\/Anti-Spam), <strong data-start=\"1664\" data-end=\"1672\">Ally<\/strong> (Zug\u00e4nglichkeitsmerkmale), <strong data-start=\"1699\" data-end=\"1717\">\u00dcbersetzenPresse<\/strong> (Spracheinstellungen\/lokalisierte Inhalte), <strong data-start=\"1760\" data-end=\"1773\">Compliance<\/strong> (Verwaltung der Cookie-Zustimmung).<\/p>\n<\/li>\n<li data-start=\"1805\" data-end=\"2042\">\n<p data-start=\"1807\" data-end=\"2042\"><strong data-start=\"1807\" data-end=\"1828\">Analytik und Tags:<\/strong> <strong data-start=\"1829\" data-end=\"1851\">Website-Kit von Google<\/strong> (z. B. GA4\/Tag Manager). Die Verarbeitung erfolgt in erster Linie \u00fcber Google Ireland Ltd.; Daten k\u00f6nnen im Rahmen von Standardvertragsklauseln und zus\u00e4tzlichen Garantien in L\u00e4nder au\u00dferhalb der Schweiz\/EWR\/des Vereinigten K\u00f6nigreichs \u00fcbertragen werden.<\/p>\n<\/li>\n<\/ul>\n<p data-start=\"2044\" data-end=\"2104\"><em data-start=\"2044\" data-end=\"2104\">Eine aktuelle Liste der Verarbeiter kann auf Anfrage zur Verf\u00fcgung gestellt werden.<\/em><\/p>\n<h2 data-start=\"2106\" data-end=\"2118\">Vorratsspeicherung<\/h2>\n<p data-start=\"2119\" data-end=\"2466\">Die Daten werden nur so lange aufbewahrt, wie es f\u00fcr die oben genannten Zwecke oder zur Erf\u00fcllung gesetzlicher Verpflichtungen erforderlich ist, und dann gel\u00f6scht oder anonymisiert. Typische Zeitr\u00e4ume: Anfragen und Verkaufsnotizen <strong data-start=\"2280\" data-end=\"2299\">bis zu 24 Monate<\/strong> nach der letzten Interaktion; Kundenaufzeichnungen <strong data-start=\"2343\" data-end=\"2390\">f\u00fcr die Vertragslaufzeit zuz\u00fcglich der gesetzlichen Grenzen<\/strong>Einstellungsunterlagen <strong data-start=\"2410\" data-end=\"2429\">bis zu 12 Monate<\/strong> (l\u00e4nger nur mit ausdr\u00fccklicher Zustimmung).<\/p>\n<h2 data-start=\"2468\" data-end=\"2482\">Ihre Rechte<\/h2>\n<p data-start=\"2483\" data-end=\"2810\">Je nach Gerichtsbarkeit (CH\/EWR\/UK) k\u00f6nnen Einzelpersonen Folgendes beantragen <strong data-start=\"2546\" data-end=\"2605\">Zugang, Berichtigung, L\u00f6schung, Einschr\u00e4nkung\/Widerspruch,<\/strong> und <strong data-start=\"2610\" data-end=\"2625\">Tragbarkeit<\/strong>und kann <strong data-start=\"2635\" data-end=\"2655\">Zustimmung zur\u00fcckziehen<\/strong> zu jeder Zeit.<br data-start=\"2668\" data-end=\"2671\" \/>Anfragen: <b>csrd-service@beyond.ch<\/b>.<br data-start=\"2713\" data-end=\"2716\" \/>Zu den Aufsichtsbeh\u00f6rden geh\u00f6ren die <strong data-start=\"2752\" data-end=\"2775\">ED\u00d6B (Schweiz)<\/strong> oder die zust\u00e4ndige EWR-\/UK-Beh\u00f6rde.<\/p>\n<h2 data-start=\"2812\" data-end=\"2822\">Cookies<\/h2>\n<p data-start=\"2823\" data-end=\"2839\">Die Website verwendet:<\/p>\n<ul data-start=\"2840\" data-end=\"3034\">\n<li data-start=\"2840\" data-end=\"2925\">\n<p data-start=\"2842\" data-end=\"2925\"><strong data-start=\"2842\" data-end=\"2864\">Streng notwendig<\/strong> Cookies (Sicherheit, Protokollierung der Zustimmung, grundlegende Funktionen der Website).<\/p>\n<\/li>\n<li data-start=\"2926\" data-end=\"2984\">\n<p data-start=\"2928\" data-end=\"2984\"><strong data-start=\"2928\" data-end=\"2953\">Analytik\/Leistung<\/strong> Cookies (nur mit Zustimmung).<\/p>\n<\/li>\n<li data-start=\"2985\" data-end=\"3034\">\n<p data-start=\"2987\" data-end=\"3034\"><strong data-start=\"2987\" data-end=\"3000\">Marketing<\/strong> Cookies\/Tags (nur mit Zustimmung).<\/p>\n<\/li>\n<\/ul>\n<p data-start=\"3036\" data-end=\"3266\">Die Zustimmung kann jederzeit erteilt oder widerrufen werden \u00fcber <strong data-start=\"3084\" data-end=\"3132\">Cookie-Einstellungen<\/strong> (siehe Widget) oder Browser-Steuerungen.<br data-start=\"3165\" data-end=\"3168\" \/>Eine dynamische, aktuelle Cookie-Liste und deren Zweck finden Sie in der <a href=\"https:\/\/www.beyond-csrd.com\/de\/cookie-policy-eu\/\"><strong data-start=\"3228\" data-end=\"3265\">Complianz-generierte Cookie-Richtlinie<\/strong><\/a>.<\/p>\n\t\t\t\t\t\t\t\t<\/div>\n\t\t\t\t<\/div>\n\t\t\t\t\t<\/div>\n\t\t\t\t<\/div>\n\t\t\t\t<\/div>","protected":false},"excerpt":{"rendered":"<p>Privacy Policy Last updated: 13 August 2025Controller: Beyond Strategy SA (\u201cBeyond-CSRD\u201d), Rue de Bourg 27, 1003 Lausanne, SwitzerlandPrivacy contact: csrd-service@beyond.ch What data are collected Contact details: name, work email, phone, company, role. Business context: messages, meeting\/demo requests, notes required to deliver services. Usage data: IP address, timestamps, pages viewed, device\/browser info, and cookies . Recruitment [&hellip;]<\/p>","protected":false},"author":1,"featured_media":0,"parent":0,"menu_order":0,"comment_status":"closed","ping_status":"open","template":"","meta":{"footnotes":""},"class_list":["post-3","page","type-page","status-publish","hentry"],"yoast_head":"<!-- This site is optimized with the Yoast SEO plugin v25.8 - https:\/\/yoast.com\/wordpress\/plugins\/seo\/ -->\n<title>Privacy Policy - Beyond-CSRD<\/title>\n<meta name=\"robots\" content=\"index, follow, max-snippet:-1, max-image-preview:large, max-video-preview:-1\" \/>\n<link rel=\"canonical\" href=\"https:\/\/www.beyond-csrd.com\/de\/privacy-policy\/\" \/>\n<meta property=\"og:locale\" content=\"de_DE\" \/>\n<meta property=\"og:type\" content=\"article\" \/>\n<meta property=\"og:title\" content=\"Privacy Policy - Beyond-CSRD\" \/>\n<meta property=\"og:description\" content=\"Privacy Policy Last updated: 13 August 2025Controller: Beyond Strategy SA (\u201cBeyond-CSRD\u201d), Rue de Bourg 27, 1003 Lausanne, SwitzerlandPrivacy contact: csrd-service@beyond.ch What data are collected Contact details: name, work email, phone, company, role. Business context: messages, meeting\/demo requests, notes required to deliver services. Usage data: IP address, timestamps, pages viewed, device\/browser info, and cookies . Recruitment [&hellip;]\" \/>\n<meta property=\"og:url\" content=\"https:\/\/www.beyond-csrd.com\/de\/privacy-policy\/\" \/>\n<meta property=\"og:site_name\" content=\"Beyond-CSRD\" \/>\n<meta property=\"article:modified_time\" content=\"2025-08-13T13:07:43+00:00\" \/>\n<meta name=\"twitter:card\" content=\"summary_large_image\" \/>\n<meta name=\"twitter:label1\" content=\"Gesch\u00e4tzte Lesezeit\" \/>\n\t<meta name=\"twitter:data1\" content=\"2 minutes\" \/>\n<script type=\"application\/ld+json\" class=\"yoast-schema-graph\">{\"@context\":\"https:\/\/schema.org\",\"@graph\":[{\"@type\":\"WebPage\",\"@id\":\"https:\/\/www.beyond-csrd.com\/privacy-policy\/\",\"url\":\"https:\/\/www.beyond-csrd.com\/privacy-policy\/\",\"name\":\"Privacy Policy - Beyond-CSRD\",\"isPartOf\":{\"@id\":\"https:\/\/www.beyond-csrd.com\/#website\"},\"datePublished\":\"2024-12-19T13:47:02+00:00\",\"dateModified\":\"2025-08-13T13:07:43+00:00\",\"breadcrumb\":{\"@id\":\"https:\/\/www.beyond-csrd.com\/privacy-policy\/#breadcrumb\"},\"inLanguage\":\"de-CH\",\"potentialAction\":[{\"@type\":\"ReadAction\",\"target\":[\"https:\/\/www.beyond-csrd.com\/privacy-policy\/\"]}]},{\"@type\":\"BreadcrumbList\",\"@id\":\"https:\/\/www.beyond-csrd.com\/privacy-policy\/#breadcrumb\",\"itemListElement\":[{\"@type\":\"ListItem\",\"position\":1,\"name\":\"Home\",\"item\":\"https:\/\/www.beyond-csrd.com\/\"},{\"@type\":\"ListItem\",\"position\":2,\"name\":\"Privacy Policy\"}]},{\"@type\":\"WebSite\",\"@id\":\"https:\/\/www.beyond-csrd.com\/#website\",\"url\":\"https:\/\/www.beyond-csrd.com\/\",\"name\":\"Beyond-CSRD\",\"description\":\"Provider of solutions to simplify CSRD reporting process.\",\"publisher\":{\"@id\":\"https:\/\/www.beyond-csrd.com\/#organization\"},\"potentialAction\":[{\"@type\":\"SearchAction\",\"target\":{\"@type\":\"EntryPoint\",\"urlTemplate\":\"https:\/\/www.beyond-csrd.com\/?s={search_term_string}\"},\"query-input\":{\"@type\":\"PropertyValueSpecification\",\"valueRequired\":true,\"valueName\":\"search_term_string\"}}],\"inLanguage\":\"de-CH\"},{\"@type\":\"Organization\",\"@id\":\"https:\/\/www.beyond-csrd.com\/#organization\",\"name\":\"Beyond-CSRD\",\"url\":\"https:\/\/www.beyond-csrd.com\/\",\"logo\":{\"@type\":\"ImageObject\",\"inLanguage\":\"de-CH\",\"@id\":\"https:\/\/www.beyond-csrd.com\/#\/schema\/logo\/image\/\",\"url\":\"https:\/\/www.beyond-csrd.com\/wp-content\/uploads\/2024\/12\/BS_CLAIM_LOGO__POS_PMS_COUL.png\",\"contentUrl\":\"https:\/\/www.beyond-csrd.com\/wp-content\/uploads\/2024\/12\/BS_CLAIM_LOGO__POS_PMS_COUL.png\",\"width\":2520,\"height\":1016,\"caption\":\"Beyond-CSRD\"},\"image\":{\"@id\":\"https:\/\/www.beyond-csrd.com\/#\/schema\/logo\/image\/\"},\"sameAs\":[\"https:\/\/www.linkedin.com\/company\/beyondstrategy-consulting\/\"]}]}<\/script>\n<!-- \/ Yoast SEO plugin. -->","yoast_head_json":{"title":"Privacy Policy - Beyond-CSRD","robots":{"index":"index","follow":"follow","max-snippet":"max-snippet:-1","max-image-preview":"max-image-preview:large","max-video-preview":"max-video-preview:-1"},"canonical":"https:\/\/www.beyond-csrd.com\/de\/privacy-policy\/","og_locale":"de_DE","og_type":"article","og_title":"Privacy Policy - Beyond-CSRD","og_description":"Privacy Policy Last updated: 13 August 2025Controller: Beyond Strategy SA (\u201cBeyond-CSRD\u201d), Rue de Bourg 27, 1003 Lausanne, SwitzerlandPrivacy contact: csrd-service@beyond.ch What data are collected Contact details: name, work email, phone, company, role. Business context: messages, meeting\/demo requests, notes required to deliver services. Usage data: IP address, timestamps, pages viewed, device\/browser info, and cookies . Recruitment [&hellip;]","og_url":"https:\/\/www.beyond-csrd.com\/de\/privacy-policy\/","og_site_name":"Beyond-CSRD","article_modified_time":"2025-08-13T13:07:43+00:00","twitter_card":"summary_large_image","twitter_misc":{"Gesch\u00e4tzte Lesezeit":"2 minutes"},"schema":{"@context":"https:\/\/schema.org","@graph":[{"@type":"WebPage","@id":"https:\/\/www.beyond-csrd.com\/privacy-policy\/","url":"https:\/\/www.beyond-csrd.com\/privacy-policy\/","name":"Privacy Policy - Beyond-CSRD","isPartOf":{"@id":"https:\/\/www.beyond-csrd.com\/#website"},"datePublished":"2024-12-19T13:47:02+00:00","dateModified":"2025-08-13T13:07:43+00:00","breadcrumb":{"@id":"https:\/\/www.beyond-csrd.com\/privacy-policy\/#breadcrumb"},"inLanguage":"de-CH","potentialAction":[{"@type":"ReadAction","target":["https:\/\/www.beyond-csrd.com\/privacy-policy\/"]}]},{"@type":"BreadcrumbList","@id":"https:\/\/www.beyond-csrd.com\/privacy-policy\/#breadcrumb","itemListElement":[{"@type":"ListItem","position":1,"name":"Home","item":"https:\/\/www.beyond-csrd.com\/"},{"@type":"ListItem","position":2,"name":"Privacy Policy"}]},{"@type":"WebSite","@id":"https:\/\/www.beyond-csrd.com\/#website","url":"https:\/\/www.beyond-csrd.com\/","name":"Jenseits von CSRD","description":"Anbieter von L\u00f6sungen zur Vereinfachung des CSRD-Meldeverfahrens.","publisher":{"@id":"https:\/\/www.beyond-csrd.com\/#organization"},"potentialAction":[{"@type":"SearchAction","target":{"@type":"EntryPoint","urlTemplate":"https:\/\/www.beyond-csrd.com\/?s={search_term_string}"},"query-input":{"@type":"PropertyValueSpecification","valueRequired":true,"valueName":"search_term_string"}}],"inLanguage":"de-CH"},{"@type":"Organization","@id":"https:\/\/www.beyond-csrd.com\/#organization","name":"Jenseits von CSRD","url":"https:\/\/www.beyond-csrd.com\/","logo":{"@type":"ImageObject","inLanguage":"de-CH","@id":"https:\/\/www.beyond-csrd.com\/#\/schema\/logo\/image\/","url":"https:\/\/www.beyond-csrd.com\/wp-content\/uploads\/2024\/12\/BS_CLAIM_LOGO__POS_PMS_COUL.png","contentUrl":"https:\/\/www.beyond-csrd.com\/wp-content\/uploads\/2024\/12\/BS_CLAIM_LOGO__POS_PMS_COUL.png","width":2520,"height":1016,"caption":"Beyond-CSRD"},"image":{"@id":"https:\/\/www.beyond-csrd.com\/#\/schema\/logo\/image\/"},"sameAs":["https:\/\/www.linkedin.com\/company\/beyondstrategy-consulting\/"]}]}},"_links":{"self":[{"href":"https:\/\/www.beyond-csrd.com\/de\/wp-json\/wp\/v2\/pages\/3","targetHints":{"allow":["GET"]}}],"collection":[{"href":"https:\/\/www.beyond-csrd.com\/de\/wp-json\/wp\/v2\/pages"}],"about":[{"href":"https:\/\/www.beyond-csrd.com\/de\/wp-json\/wp\/v2\/types\/page"}],"author":[{"embeddable":true,"href":"https:\/\/www.beyond-csrd.com\/de\/wp-json\/wp\/v2\/users\/1"}],"replies":[{"embeddable":true,"href":"https:\/\/www.beyond-csrd.com\/de\/wp-json\/wp\/v2\/comments?post=3"}],"version-history":[{"count":9,"href":"https:\/\/www.beyond-csrd.com\/de\/wp-json\/wp\/v2\/pages\/3\/revisions"}],"predecessor-version":[{"id":3249,"href":"https:\/\/www.beyond-csrd.com\/de\/wp-json\/wp\/v2\/pages\/3\/revisions\/3249"}],"wp:attachment":[{"href":"https:\/\/www.beyond-csrd.com\/de\/wp-json\/wp\/v2\/media?parent=3"}],"curies":[{"name":"wp","href":"https:\/\/api.w.org\/{rel}","templated":true}]}}