{"id":1779,"date":"2025-02-12T12:50:32","date_gmt":"2025-02-12T11:50:32","guid":{"rendered":"https:\/\/www.beyond-csrd.com\/?page_id=1779"},"modified":"2025-08-27T14:54:17","modified_gmt":"2025-08-27T13:54:17","slug":"research-innovation","status":"publish","type":"page","link":"https:\/\/www.beyond-csrd.com\/de\/research-innovation\/","title":{"rendered":"Unsere Arbeit mit Akademikern"},"content":{"rendered":"<div data-elementor-type=\"wp-page\" data-elementor-id=\"1779\" class=\"elementor elementor-1779\" data-elementor-post-type=\"page\">\n\t\t\t\t<div class=\"elementor-element elementor-element-5097343 e-con-full e-flex e-con e-parent\" data-id=\"5097343\" data-element_type=\"container\">\n\t\t<div class=\"elementor-element elementor-element-62cb8e0 e-con-full e-flex e-con e-child\" data-id=\"62cb8e0\" data-element_type=\"container\">\n\t\t\t\t<div class=\"elementor-element elementor-element-31e3940 elementor-widget elementor-widget-heading\" data-id=\"31e3940\" data-element_type=\"widget\" data-widget_type=\"heading.default\">\n\t\t\t\t<div class=\"elementor-widget-container\">\n\t\t\t\t\t<h1 class=\"elementor-heading-title elementor-size-default\">Unsere Arbeit mit Akademikern<\/h1>\t\t\t\t<\/div>\n\t\t\t\t<\/div>\n\t\t\t\t<div class=\"elementor-element elementor-element-65f73c6 elementor-widget elementor-widget-text-editor\" data-id=\"65f73c6\" data-element_type=\"widget\" data-widget_type=\"text-editor.default\">\n\t\t\t\t<div class=\"elementor-widget-container\">\n\t\t\t\t\t\t\t\t\t<p>Bei Beyond kombinieren wir technologisches Fachwissen mit modernster Forschung in den Bereichen unternehmerische Nachhaltigkeit und Nachhaltigkeitsbilanzierung, um regulatorische Entwicklungen zu verstehen und zu antizipieren und Unternehmen dabei zu helfen, ihre Nachhaltigkeitsberichterstattung so effektiv wie m\u00f6glich zu gestalten.<\/p><p>Unser Engagement f\u00fcr die Forschung, insbesondere durch unsere Zusammenarbeit mit <a href=\"https:\/\/e4s.center\/\"><u><strong>E4S (Enterprise for Society Center)<\/strong><\/u><\/a>Die Zusammenarbeit mit der EPFL, dem IMD und der HEC Lausanne erm\u00f6glicht es uns, L\u00f6sungen zu entwickeln, die den besten Praktiken und den sich entwickelnden ESG-Vorschriften entsprechen.<\/p>\t\t\t\t\t\t\t\t<\/div>\n\t\t\t\t<\/div>\n\t\t\t\t<\/div>\n\t\t<div class=\"elementor-element elementor-element-ec9cc37 e-con-full e-flex e-con e-child\" data-id=\"ec9cc37\" data-element_type=\"container\" data-settings=\"{&quot;background_background&quot;:&quot;classic&quot;}\">\n\t\t\t\t<\/div>\n\t\t\t\t<\/div>\n\t\t<div class=\"elementor-element elementor-element-689b1da1 e-flex e-con-boxed e-con e-parent\" data-id=\"689b1da1\" data-element_type=\"container\" data-settings=\"{&quot;background_background&quot;:&quot;classic&quot;}\">\n\t\t\t\t\t<div class=\"e-con-inner\">\n\t\t<div class=\"elementor-element elementor-element-7cd77454 e-con-full e-flex e-con e-child\" data-id=\"7cd77454\" data-element_type=\"container\" data-settings=\"{&quot;background_background&quot;:&quot;classic&quot;}\">\n\t\t\t\t<div class=\"elementor-element elementor-element-5284bd63 elementor-widget elementor-widget-image-box\" data-id=\"5284bd63\" data-element_type=\"widget\" data-widget_type=\"image-box.default\">\n\t\t\t\t<div class=\"elementor-widget-container\">\n\t\t\t\t\t<div class=\"elementor-image-box-wrapper\"><div class=\"elementor-image-box-content\"><h4 class=\"elementor-image-box-title\"><a href=\"https:\/\/www.beyond-csrd.com\/de\/navigating-csrd-a-comprehensive-guide-for-swiss-smes-in-the-new-era-of-sustainability-reporting\/\">Bereitschaft der KMU f\u00fcr CSRD<\/a><\/h4><p class=\"elementor-image-box-description\">Bewertung der Vorbereitung kleiner und mittlerer Unternehmen auf die CSRD-Anforderungen.\n\n<br><br>\n\n<a href=\"https:\/\/www.beyond-csrd.com\/de\/navigating-csrd-a-comprehensive-guide-for-swiss-smes-in-the-new-era-of-sustainability-reporting\/\">Mehr lesen<\/a>\n<\/p><\/div><\/div>\t\t\t\t<\/div>\n\t\t\t\t<\/div>\n\t\t\t\t<div class=\"elementor-element elementor-element-335dda2f elementor-widget elementor-widget-image-box\" data-id=\"335dda2f\" data-element_type=\"widget\" data-widget_type=\"image-box.default\">\n\t\t\t\t<div class=\"elementor-widget-container\">\n\t\t\t\t\t<div class=\"elementor-image-box-wrapper\"><div class=\"elementor-image-box-content\"><h4 class=\"elementor-image-box-title\">Verankerung der Nachhaltigkeit im Kerngesch\u00e4ft<\/h4><p class=\"elementor-image-box-description\">Untersuchung der Frage, wie Unternehmen Nachhaltigkeit in Gesch\u00e4ftsmodelle und Unternehmensf\u00fchrung integrieren.\n\n<br><br>\n\n<a href=\"https:\/\/www.sciencedirect.com\/science\/article\/pii\/S0959652617310764?via%3Dihub\">Mehr lesen<\/a>\n<\/p><\/div><\/div>\t\t\t\t<\/div>\n\t\t\t\t<\/div>\n\t\t\t\t<div class=\"elementor-element elementor-element-7ddc2d21 elementor-widget elementor-widget-image-box\" data-id=\"7ddc2d21\" data-element_type=\"widget\" data-widget_type=\"image-box.default\">\n\t\t\t\t<div class=\"elementor-widget-container\">\n\t\t\t\t\t<div class=\"elementor-image-box-wrapper\"><div class=\"elementor-image-box-content\"><h4 class=\"elementor-image-box-title\">Doppelte Wesentlichkeitsbewertung (DMA)<\/h4><p class=\"elementor-image-box-description\">Verstehen des Zusammenhangs mit dem Risikomanagement von Unternehmen, der Strategieentwicklung und der Einbeziehung von Stakeholdern, um die strategische Bedeutung der DMA und der Klimarisikoanalyse im Allgemeinen besser zu verstehen.<\/p><\/div><\/div>\t\t\t\t<\/div>\n\t\t\t\t<\/div>\n\t\t\t\t<div class=\"elementor-element elementor-element-b238625 elementor-widget elementor-widget-image-box\" data-id=\"b238625\" data-element_type=\"widget\" data-widget_type=\"image-box.default\">\n\t\t\t\t<div class=\"elementor-widget-container\">\n\t\t\t\t\t<div class=\"elementor-image-box-wrapper\"><div class=\"elementor-image-box-content\"><h4 class=\"elementor-image-box-title\">Studentenprojekte und Talentf\u00f6rderung<\/h4><p class=\"elementor-image-box-description\">Unterst\u00fctzung von Forschungsinitiativen, die k\u00fcnftige Fachleute ausbilden, die Lehre im Bereich der Nachhaltigkeit st\u00e4rken und neue Talente f\u00fcr den Bereich der ESG und der unternehmerischen Nachhaltigkeit gewinnen.\n\n<\/p><\/div><\/div>\t\t\t\t<\/div>\n\t\t\t\t<\/div>\n\t\t\t\t<\/div>\n\t\t<div class=\"elementor-element elementor-element-6e996039 e-con-full e-flex e-con e-child\" data-id=\"6e996039\" data-element_type=\"container\">\n\t\t\t\t<div class=\"elementor-element elementor-element-36873c89 elementor-widget elementor-widget-heading\" data-id=\"36873c89\" data-element_type=\"widget\" data-widget_type=\"heading.default\">\n\t\t\t\t<div class=\"elementor-widget-container\">\n\t\t\t\t\t<h2 class=\"elementor-heading-title elementor-size-default\">Zentrale Forschungsbereiche<\/h2>\t\t\t\t<\/div>\n\t\t\t\t<\/div>\n\t\t\t\t<div class=\"elementor-element elementor-element-3f2a0c5e elementor-widget elementor-widget-text-editor\" data-id=\"3f2a0c5e\" data-element_type=\"widget\" data-widget_type=\"text-editor.default\">\n\t\t\t\t<div class=\"elementor-widget-container\">\n\t\t\t\t\t\t\t\t\t<p>Wir arbeiten eng mit E4S und in der Vergangenheit auch mit anderen f\u00fchrenden europ\u00e4ischen akademischen Einrichtungen zusammen, um zentrale Herausforderungen im Zusammenhang mit unternehmerischer Nachhaltigkeit, CSRD, ESG und nachhaltigen Gesch\u00e4ftsmodellen zu untersuchen.<\/p><p>Unsere Zusammenarbeit mit der Forschung konzentriert sich auf mehrere Bereiche.<\/p>\t\t\t\t\t\t\t\t<\/div>\n\t\t\t\t<\/div>\n\t\t\t\t<\/div>\n\t\t\t\t\t<\/div>\n\t\t\t\t<\/div>\n\t\t<div class=\"elementor-element elementor-element-62a6aed e-flex e-con-boxed e-con e-parent\" data-id=\"62a6aed\" data-element_type=\"container\">\n\t\t\t\t\t<div class=\"e-con-inner\">\n\t\t<div class=\"elementor-element elementor-element-b819dde e-con-full e-flex e-con e-child\" data-id=\"b819dde\" data-element_type=\"container\">\n\t\t\t\t<div class=\"elementor-element elementor-element-4d89d6e elementor-widget elementor-widget-text-editor\" data-id=\"4d89d6e\" data-element_type=\"widget\" data-widget_type=\"text-editor.default\">\n\t\t\t\t<div class=\"elementor-widget-container\">\n\t\t\t\t\t\t\t\t\t<h4>Warum ist die Zusammenarbeit mit Akademikern wichtig?<\/h4><p>Das regulatorische Umfeld f\u00fcr Nachhaltigkeit entwickelt sich rasch weiter. Durch unsere Forschungsarbeit und die Zusammenarbeit mit f\u00fchrenden akademischen Einrichtungen stellen wir sicher, dass unsere Kunden von L\u00f6sungen profitieren, die stets auf die neuesten regulatorischen Anforderungen und die besten Praktiken der Branche im Bereich der ESG-Berichterstattung abgestimmt sind. Dar\u00fcber hinaus nutzen wir unser Wissen, um Sie anzuleiten, damit Sie direkt zur Sache kommen und nicht zu viel Zeit mit unn\u00f6tigen Elementen und nutzlosen Aufgaben verbringen.<\/p><p>Bei Beyond halten wir nicht nur mit der sich entwickelnden Landschaft Schritt, sondern tragen aktiv zu deren Verst\u00e4ndnis und Anwendung bei.<\/p><p><strong>Organisationen, die an gemeinsamen Forschungsprojekten interessiert sind, k\u00f6nnen sich an Beyond wenden, um ma\u00dfgeschneiderte Kooperationen zu erkunden.<\/strong><\/p>\t\t\t\t\t\t\t\t<\/div>\n\t\t\t\t<\/div>\n\t\t\t\t<div class=\"elementor-element elementor-element-5ee933a elementor-align-center elementor-widget-mobile__width-inherit elementor-invisible elementor-widget elementor-widget-button\" data-id=\"5ee933a\" data-element_type=\"widget\" data-settings=\"{&quot;_animation&quot;:&quot;fadeInDown&quot;}\" data-widget_type=\"button.default\">\n\t\t\t\t<div class=\"elementor-widget-container\">\n\t\t\t\t\t\t\t\t\t<div class=\"elementor-button-wrapper\">\n\t\t\t\t\t<a class=\"elementor-button elementor-button-link elementor-size-sm\" href=\"https:\/\/www.beyond-csrd.com\/de\/contact\/\">\n\t\t\t\t\t\t<span class=\"elementor-button-content-wrapper\">\n\t\t\t\t\t\t\t\t\t<span class=\"elementor-button-text\">Kontakt<\/span>\n\t\t\t\t\t<\/span>\n\t\t\t\t\t<\/a>\n\t\t\t\t<\/div>\n\t\t\t\t\t\t\t\t<\/div>\n\t\t\t\t<\/div>\n\t\t\t\t<\/div>\n\t\t\t\t\t<\/div>\n\t\t\t\t<\/div>\n\t\t<div class=\"elementor-element elementor-element-6d50bc74 e-flex e-con-boxed e-con e-parent\" data-id=\"6d50bc74\" data-element_type=\"container\" data-settings=\"{&quot;background_background&quot;:&quot;classic&quot;}\">\n\t\t\t\t\t<div class=\"e-con-inner\">\n\t\t\t\t<div class=\"elementor-element elementor-element-447f589b elementor-widget elementor-widget-heading\" data-id=\"447f589b\" data-element_type=\"widget\" data-widget_type=\"heading.default\">\n\t\t\t\t<div class=\"elementor-widget-container\">\n\t\t\t\t\t<h2 class=\"elementor-heading-title elementor-size-default\">Akademische Partnerschaften<\/h2>\t\t\t\t<\/div>\n\t\t\t\t<\/div>\n\t\t\t\t<div class=\"elementor-element elementor-element-7d2e92ba elementor-widget elementor-widget-text-editor\" data-id=\"7d2e92ba\" data-element_type=\"widget\" data-widget_type=\"text-editor.default\">\n\t\t\t\t<div class=\"elementor-widget-container\">\n\t\t\t\t\t\t\t\t\t<p data-start=\"428\" data-end=\"693\">Unser Team hat mit f\u00fchrenden Institutionen wie E4S, EPFL, IMD, HEC Lausanne, CSM, Leuphana und TU Delft zusammengearbeitet. Diese Partnerschaften verbinden die Bed\u00fcrfnisse der Wirtschaft mit der akademischen Spitzenforschung und f\u00f6rdern L\u00f6sungen, die mit bew\u00e4hrten Verfahren und den sich entwickelnden ESG-Vorschriften in Einklang stehen.<\/p><p data-start=\"695\" data-end=\"772\">\u00a0<\/p>\t\t\t\t\t\t\t\t<\/div>\n\t\t\t\t<\/div>\n\t\t\t\t<div class=\"elementor-element elementor-element-56a366e2 elementor-widget elementor-widget-image-carousel\" data-id=\"56a366e2\" data-element_type=\"widget\" data-settings=\"{&quot;slides_to_show&quot;:&quot;6&quot;,&quot;slides_to_show_tablet&quot;:&quot;4&quot;,&quot;navigation&quot;:&quot;none&quot;,&quot;pause_on_hover&quot;:&quot;no&quot;,&quot;pause_on_interaction&quot;:&quot;no&quot;,&quot;image_spacing_custom&quot;:{&quot;unit&quot;:&quot;px&quot;,&quot;size&quot;:&quot;55&quot;,&quot;sizes&quot;:[]},&quot;slides_to_scroll_tablet&quot;:&quot;1&quot;,&quot;autoplay&quot;:&quot;yes&quot;,&quot;autoplay_speed&quot;:5000,&quot;infinite&quot;:&quot;yes&quot;,&quot;speed&quot;:500,&quot;image_spacing_custom_tablet&quot;:{&quot;unit&quot;:&quot;px&quot;,&quot;size&quot;:&quot;&quot;,&quot;sizes&quot;:[]},&quot;image_spacing_custom_mobile&quot;:{&quot;unit&quot;:&quot;px&quot;,&quot;size&quot;:&quot;&quot;,&quot;sizes&quot;:[]}}\" data-widget_type=\"image-carousel.default\">\n\t\t\t\t<div class=\"elementor-widget-container\">\n\t\t\t\t\t\t\t<div class=\"elementor-image-carousel-wrapper swiper\" role=\"region\" aria-roledescription=\"carousel\" aria-label=\"Bild-Karussell\" dir=\"ltr\">\n\t\t\t<div class=\"elementor-image-carousel swiper-wrapper\" aria-live=\"off\">\n\t\t\t\t\t\t\t\t<div class=\"swiper-slide\" role=\"group\" aria-roledescription=\"slide\" aria-label=\"1 sur 7\" data-no-translation-aria-label=\"\"><figure class=\"swiper-slide-inner\"><img decoding=\"async\" class=\"swiper-slide-image\" src=\"https:\/\/www.beyond-csrd.com\/wp-content\/uploads\/2025\/06\/Logo-EPFL-2019-e1749049024797.png\" alt=\"EPFL\" \/><\/figure><\/div><div class=\"swiper-slide\" role=\"group\" aria-roledescription=\"slide\" aria-label=\"2 sur 7\" data-no-translation-aria-label=\"\"><figure class=\"swiper-slide-inner\"><img decoding=\"async\" class=\"swiper-slide-image\" src=\"https:\/\/www.beyond-csrd.com\/wp-content\/uploads\/2025\/06\/Logo-IMD-bleu-e1749049043516.jpg\" alt=\"IMD\" \/><\/figure><\/div><div class=\"swiper-slide\" role=\"group\" aria-roledescription=\"slide\" aria-label=\"3 sur 7\" data-no-translation-aria-label=\"\"><figure class=\"swiper-slide-inner\"><img decoding=\"async\" class=\"swiper-slide-image\" src=\"https:\/\/www.beyond-csrd.com\/wp-content\/uploads\/2025\/06\/unil-e1749049059232.png\" alt=\"Unil HEC\" \/><\/figure><\/div><div class=\"swiper-slide\" role=\"group\" aria-roledescription=\"slide\" aria-label=\"4 sur 7\" data-no-translation-aria-label=\"\"><figure class=\"swiper-slide-inner\"><img decoding=\"async\" class=\"swiper-slide-image\" src=\"https:\/\/www.beyond-csrd.com\/wp-content\/uploads\/2025\/06\/e4s-logo.png\" alt=\"E4S\" \/><\/figure><\/div><div class=\"swiper-slide\" role=\"group\" aria-roledescription=\"slide\" aria-label=\"5 sur 7\" data-no-translation-aria-label=\"\"><figure class=\"swiper-slide-inner\"><img decoding=\"async\" class=\"swiper-slide-image\" src=\"https:\/\/www.beyond-csrd.com\/wp-content\/uploads\/2025\/08\/csm.png\" alt=\"csm logo\" \/><\/figure><\/div><div class=\"swiper-slide\" role=\"group\" aria-roledescription=\"slide\" aria-label=\"6 sur 7\" data-no-translation-aria-label=\"\"><figure class=\"swiper-slide-inner\"><img decoding=\"async\" class=\"swiper-slide-image\" src=\"https:\/\/www.beyond-csrd.com\/wp-content\/uploads\/2025\/08\/leuphana_logo.png\" alt=\"leuphana logo\" \/><\/figure><\/div><div class=\"swiper-slide\" role=\"group\" aria-roledescription=\"slide\" aria-label=\"7 sur 7\" data-no-translation-aria-label=\"\"><figure class=\"swiper-slide-inner\"><img decoding=\"async\" class=\"swiper-slide-image\" src=\"https:\/\/www.beyond-csrd.com\/wp-content\/uploads\/2025\/08\/TUDelft_logo_black.png\" alt=\"TU Delft logo\" \/><\/figure><\/div>\t\t\t<\/div>\n\t\t\t\t\t\t\t\n\t\t\t\t\t\t\t\t\t<\/div>\n\t\t\t\t\t\t<\/div>\n\t\t\t\t<\/div>\n\t\t\t\t\t<\/div>\n\t\t\t\t<\/div>\n\t\t\t\t<\/div>","protected":false},"excerpt":{"rendered":"<p>Unsere Arbeit mit der Wissenschaft Bei Beyond kombinieren wir technologisches Fachwissen mit modernster Forschung in den Bereichen unternehmerische Nachhaltigkeit und Nachhaltigkeitsbilanzierung, um regulatorische Entwicklungen zu verstehen und zu antizipieren und Unternehmen dabei zu helfen, ihre Nachhaltigkeitsberichterstattung so effektiv wie m\u00f6glich zu gestalten. Unser Engagement in der Forschung, insbesondere durch unsere Zusammenarbeit mit E4S (Enterprise for Society Center), EPFL, IMD und HEC [...]<\/p>","protected":false},"author":1,"featured_media":0,"parent":0,"menu_order":0,"comment_status":"closed","ping_status":"closed","template":"","meta":{"footnotes":""},"class_list":["post-1779","page","type-page","status-publish","hentry"],"yoast_head":"<!-- This site is optimized with the Yoast SEO plugin v25.8 - https:\/\/yoast.com\/wordpress\/plugins\/seo\/ -->\n<title>Our Work with Academia\u200b - Beyond-CSRD<\/title>\n<meta name=\"robots\" content=\"index, follow, max-snippet:-1, max-image-preview:large, max-video-preview:-1\" \/>\n<link rel=\"canonical\" href=\"https:\/\/www.beyond-csrd.com\/de\/research-innovation\/\" \/>\n<meta property=\"og:locale\" content=\"de_DE\" \/>\n<meta property=\"og:type\" content=\"article\" \/>\n<meta property=\"og:title\" content=\"Our Work with Academia\u200b - Beyond-CSRD\" \/>\n<meta property=\"og:description\" content=\"Our Work with Academia At Beyond, we combine technological expertise with state-of-the-art research in corporate sustainability and sustainability accounting to understand and anticipate regulatory developments and help businesses structure their sustainability reporting in the most effective way. Our commitment to research, particularly through our collaboration with E4S (Enterprise for Society Center), EPFL, IMD, and HEC [&hellip;]\" \/>\n<meta property=\"og:url\" content=\"https:\/\/www.beyond-csrd.com\/de\/research-innovation\/\" \/>\n<meta property=\"og:site_name\" content=\"Beyond-CSRD\" \/>\n<meta property=\"article:modified_time\" content=\"2025-08-27T13:54:17+00:00\" \/>\n<meta property=\"og:image\" content=\"https:\/\/www.beyond-csrd.com\/wp-content\/uploads\/2025\/06\/Logo-EPFL-2019-e1749049024797.png\" \/>\n<meta name=\"twitter:card\" content=\"summary_large_image\" \/>\n<meta name=\"twitter:label1\" content=\"Gesch\u00e4tzte Lesezeit\" \/>\n\t<meta name=\"twitter:data1\" content=\"6 minutes\" \/>\n<script type=\"application\/ld+json\" class=\"yoast-schema-graph\">{\"@context\":\"https:\/\/schema.org\",\"@graph\":[{\"@type\":\"WebPage\",\"@id\":\"https:\/\/www.beyond-csrd.com\/research-innovation\/\",\"url\":\"https:\/\/www.beyond-csrd.com\/research-innovation\/\",\"name\":\"Our Work with Academia\u200b - Beyond-CSRD\",\"isPartOf\":{\"@id\":\"https:\/\/www.beyond-csrd.com\/#website\"},\"primaryImageOfPage\":{\"@id\":\"https:\/\/www.beyond-csrd.com\/research-innovation\/#primaryimage\"},\"image\":{\"@id\":\"https:\/\/www.beyond-csrd.com\/research-innovation\/#primaryimage\"},\"thumbnailUrl\":\"https:\/\/www.beyond-csrd.com\/wp-content\/uploads\/2025\/06\/Logo-EPFL-2019-e1749049024797.png\",\"datePublished\":\"2025-02-12T11:50:32+00:00\",\"dateModified\":\"2025-08-27T13:54:17+00:00\",\"breadcrumb\":{\"@id\":\"https:\/\/www.beyond-csrd.com\/research-innovation\/#breadcrumb\"},\"inLanguage\":\"de-CH\",\"potentialAction\":[{\"@type\":\"ReadAction\",\"target\":[\"https:\/\/www.beyond-csrd.com\/research-innovation\/\"]}]},{\"@type\":\"ImageObject\",\"inLanguage\":\"de-CH\",\"@id\":\"https:\/\/www.beyond-csrd.com\/research-innovation\/#primaryimage\",\"url\":\"https:\/\/www.beyond-csrd.com\/wp-content\/uploads\/2025\/06\/Logo-EPFL-2019-e1749049024797.png\",\"contentUrl\":\"https:\/\/www.beyond-csrd.com\/wp-content\/uploads\/2025\/06\/Logo-EPFL-2019-e1749049024797.png\"},{\"@type\":\"BreadcrumbList\",\"@id\":\"https:\/\/www.beyond-csrd.com\/research-innovation\/#breadcrumb\",\"itemListElement\":[{\"@type\":\"ListItem\",\"position\":1,\"name\":\"Home\",\"item\":\"https:\/\/www.beyond-csrd.com\/\"},{\"@type\":\"ListItem\",\"position\":2,\"name\":\"Our Work with Academia\u200b\"}]},{\"@type\":\"WebSite\",\"@id\":\"https:\/\/www.beyond-csrd.com\/#website\",\"url\":\"https:\/\/www.beyond-csrd.com\/\",\"name\":\"Beyond-CSRD\",\"description\":\"Provider of solutions to simplify CSRD reporting process.\",\"publisher\":{\"@id\":\"https:\/\/www.beyond-csrd.com\/#organization\"},\"potentialAction\":[{\"@type\":\"SearchAction\",\"target\":{\"@type\":\"EntryPoint\",\"urlTemplate\":\"https:\/\/www.beyond-csrd.com\/?s={search_term_string}\"},\"query-input\":{\"@type\":\"PropertyValueSpecification\",\"valueRequired\":true,\"valueName\":\"search_term_string\"}}],\"inLanguage\":\"de-CH\"},{\"@type\":\"Organization\",\"@id\":\"https:\/\/www.beyond-csrd.com\/#organization\",\"name\":\"Beyond-CSRD\",\"url\":\"https:\/\/www.beyond-csrd.com\/\",\"logo\":{\"@type\":\"ImageObject\",\"inLanguage\":\"de-CH\",\"@id\":\"https:\/\/www.beyond-csrd.com\/#\/schema\/logo\/image\/\",\"url\":\"https:\/\/www.beyond-csrd.com\/wp-content\/uploads\/2024\/12\/BS_CLAIM_LOGO__POS_PMS_COUL.png\",\"contentUrl\":\"https:\/\/www.beyond-csrd.com\/wp-content\/uploads\/2024\/12\/BS_CLAIM_LOGO__POS_PMS_COUL.png\",\"width\":2520,\"height\":1016,\"caption\":\"Beyond-CSRD\"},\"image\":{\"@id\":\"https:\/\/www.beyond-csrd.com\/#\/schema\/logo\/image\/\"},\"sameAs\":[\"https:\/\/www.linkedin.com\/company\/beyondstrategy-consulting\/\"]}]}<\/script>\n<!-- \/ Yoast SEO plugin. -->","yoast_head_json":{"title":"Unsere Arbeit mit Hochschulen - Beyond-CSRD","robots":{"index":"index","follow":"follow","max-snippet":"max-snippet:-1","max-image-preview":"max-image-preview:large","max-video-preview":"max-video-preview:-1"},"canonical":"https:\/\/www.beyond-csrd.com\/de\/research-innovation\/","og_locale":"de_DE","og_type":"article","og_title":"Our Work with Academia\u200b - Beyond-CSRD","og_description":"Our Work with Academia At Beyond, we combine technological expertise with state-of-the-art research in corporate sustainability and sustainability accounting to understand and anticipate regulatory developments and help businesses structure their sustainability reporting in the most effective way. Our commitment to research, particularly through our collaboration with E4S (Enterprise for Society Center), EPFL, IMD, and HEC [&hellip;]","og_url":"https:\/\/www.beyond-csrd.com\/de\/research-innovation\/","og_site_name":"Beyond-CSRD","article_modified_time":"2025-08-27T13:54:17+00:00","og_image":[{"url":"https:\/\/www.beyond-csrd.com\/wp-content\/uploads\/2025\/06\/Logo-EPFL-2019-e1749049024797.png","type":"","width":"","height":""}],"twitter_card":"summary_large_image","twitter_misc":{"Gesch\u00e4tzte Lesezeit":"6 minutes"},"schema":{"@context":"https:\/\/schema.org","@graph":[{"@type":"WebPage","@id":"https:\/\/www.beyond-csrd.com\/research-innovation\/","url":"https:\/\/www.beyond-csrd.com\/research-innovation\/","name":"Unsere Arbeit mit Hochschulen - Beyond-CSRD","isPartOf":{"@id":"https:\/\/www.beyond-csrd.com\/#website"},"primaryImageOfPage":{"@id":"https:\/\/www.beyond-csrd.com\/research-innovation\/#primaryimage"},"image":{"@id":"https:\/\/www.beyond-csrd.com\/research-innovation\/#primaryimage"},"thumbnailUrl":"https:\/\/www.beyond-csrd.com\/wp-content\/uploads\/2025\/06\/Logo-EPFL-2019-e1749049024797.png","datePublished":"2025-02-12T11:50:32+00:00","dateModified":"2025-08-27T13:54:17+00:00","breadcrumb":{"@id":"https:\/\/www.beyond-csrd.com\/research-innovation\/#breadcrumb"},"inLanguage":"de-CH","potentialAction":[{"@type":"ReadAction","target":["https:\/\/www.beyond-csrd.com\/research-innovation\/"]}]},{"@type":"ImageObject","inLanguage":"de-CH","@id":"https:\/\/www.beyond-csrd.com\/research-innovation\/#primaryimage","url":"https:\/\/www.beyond-csrd.com\/wp-content\/uploads\/2025\/06\/Logo-EPFL-2019-e1749049024797.png","contentUrl":"https:\/\/www.beyond-csrd.com\/wp-content\/uploads\/2025\/06\/Logo-EPFL-2019-e1749049024797.png"},{"@type":"BreadcrumbList","@id":"https:\/\/www.beyond-csrd.com\/research-innovation\/#breadcrumb","itemListElement":[{"@type":"ListItem","position":1,"name":"Home","item":"https:\/\/www.beyond-csrd.com\/"},{"@type":"ListItem","position":2,"name":"Our Work with Academia\u200b"}]},{"@type":"WebSite","@id":"https:\/\/www.beyond-csrd.com\/#website","url":"https:\/\/www.beyond-csrd.com\/","name":"Jenseits von CSRD","description":"Anbieter von L\u00f6sungen zur Vereinfachung des CSRD-Meldeverfahrens.","publisher":{"@id":"https:\/\/www.beyond-csrd.com\/#organization"},"potentialAction":[{"@type":"SearchAction","target":{"@type":"EntryPoint","urlTemplate":"https:\/\/www.beyond-csrd.com\/?s={search_term_string}"},"query-input":{"@type":"PropertyValueSpecification","valueRequired":true,"valueName":"search_term_string"}}],"inLanguage":"de-CH"},{"@type":"Organization","@id":"https:\/\/www.beyond-csrd.com\/#organization","name":"Jenseits von CSRD","url":"https:\/\/www.beyond-csrd.com\/","logo":{"@type":"ImageObject","inLanguage":"de-CH","@id":"https:\/\/www.beyond-csrd.com\/#\/schema\/logo\/image\/","url":"https:\/\/www.beyond-csrd.com\/wp-content\/uploads\/2024\/12\/BS_CLAIM_LOGO__POS_PMS_COUL.png","contentUrl":"https:\/\/www.beyond-csrd.com\/wp-content\/uploads\/2024\/12\/BS_CLAIM_LOGO__POS_PMS_COUL.png","width":2520,"height":1016,"caption":"Beyond-CSRD"},"image":{"@id":"https:\/\/www.beyond-csrd.com\/#\/schema\/logo\/image\/"},"sameAs":["https:\/\/www.linkedin.com\/company\/beyondstrategy-consulting\/"]}]}},"_links":{"self":[{"href":"https:\/\/www.beyond-csrd.com\/de\/wp-json\/wp\/v2\/pages\/1779","targetHints":{"allow":["GET"]}}],"collection":[{"href":"https:\/\/www.beyond-csrd.com\/de\/wp-json\/wp\/v2\/pages"}],"about":[{"href":"https:\/\/www.beyond-csrd.com\/de\/wp-json\/wp\/v2\/types\/page"}],"author":[{"embeddable":true,"href":"https:\/\/www.beyond-csrd.com\/de\/wp-json\/wp\/v2\/users\/1"}],"replies":[{"embeddable":true,"href":"https:\/\/www.beyond-csrd.com\/de\/wp-json\/wp\/v2\/comments?post=1779"}],"version-history":[{"count":91,"href":"https:\/\/www.beyond-csrd.com\/de\/wp-json\/wp\/v2\/pages\/1779\/revisions"}],"predecessor-version":[{"id":3438,"href":"https:\/\/www.beyond-csrd.com\/de\/wp-json\/wp\/v2\/pages\/1779\/revisions\/3438"}],"wp:attachment":[{"href":"https:\/\/www.beyond-csrd.com\/de\/wp-json\/wp\/v2\/media?parent=1779"}],"curies":[{"name":"wp","href":"https:\/\/api.w.org\/{rel}","templated":true}]}}